 {"id":2994,"date":"2016-11-18T15:33:57","date_gmt":"2016-11-18T14:33:57","guid":{"rendered":"https:\/\/stationsnicecotedazur.nbrun.miam.dev\/?page_id=2994"},"modified":"2024-12-06T10:42:24","modified_gmt":"2024-12-06T09:42:24","slug":"syndicat-mixte","status":"publish","type":"page","link":"https:\/\/stationsnicecotedazur.nbrun.miam.dev\/fr\/syndicat-mixte\/","title":{"rendered":"Syndicat mixte"},"content":{"rendered":"\t\t<div data-elementor-type=\"wp-page\" data-elementor-id=\"2994\" class=\"elementor elementor-2994\" data-elementor-post-type=\"page\">\n\t\t\t\t\t\t<section class=\"elementor-section elementor-top-section elementor-element elementor-element-0bff95a elementor-section-full_width elementor-section-height-default elementor-section-height-default\" data-id=\"0bff95a\" data-element_type=\"section\">\n\t\t\t\t\t\t<div class=\"elementor-container elementor-column-gap-default\">\n\t\t\t\t\t<div class=\"elementor-column elementor-col-100 elementor-top-column elementor-element elementor-element-65f6cd8\" data-id=\"65f6cd8\" data-element_type=\"column\">\n\t\t\t<div class=\"elementor-widget-wrap elementor-element-populated\">\n\t\t\t\t\t\t<div class=\"elementor-element elementor-element-irrxvwd elementor-widget elementor-widget-text-editor\" data-id=\"irrxvwd\" data-element_type=\"widget\" data-widget_type=\"text-editor.default\">\n\t\t\t\t<div class=\"elementor-widget-container\">\n\t\t\t<div class=\"echo-debug\" style=\"display:none\">array(1) {\n  [0]=>\n  object(stdClass)#5597 (3) {\n    [\"id\"]=>\n    string(3) \"211\"\n    [\"fields\"]=>\n    object(stdClass)#6082 (2) {\n      [\"title\"]=>\n      string(55) \"banniere \/ Syndicat mixte \/ nice \/ any \/ Syndicat mixte\"\n      [\"caption\"]=>\n      string(0) \"\"\n    }\n    [\"post_id\"]=>\n    int(2994)\n  }\n}\n<\/div>\t\t\t\t<div id=\"banniere-banniere\" class=\"banniere2\" style=\"background-image:url('https:\/\/stationsnicecotedazur.nbrun.miam.dev\/wp-content\/uploads\/2016\/11\/banniere-nice-90-minutes.jpg');\"><h1>syndicat mixte<\/h1><div class=\"pattern-triangle pattern-line\"><\/div><\/div>\t\t\t\t\t\t<\/div>\n\t\t\t\t<\/div>\n\t\t\t\t\t<\/div>\n\t\t<\/div>\n\t\t\t\t\t<\/div>\n\t\t<\/section>\n\t\t\t\t<section class=\"elementor-section elementor-top-section elementor-element elementor-element-ef3ddfe elementor-section-boxed elementor-section-height-default elementor-section-height-default\" data-id=\"ef3ddfe\" data-element_type=\"section\">\n\t\t\t\t\t\t<div class=\"elementor-container elementor-column-gap-default\">\n\t\t\t\t\t<div class=\"elementor-column elementor-col-100 elementor-top-column elementor-element elementor-element-f75964a textcenter\" data-id=\"f75964a\" data-element_type=\"column\">\n\t\t\t<div class=\"elementor-widget-wrap elementor-element-populated\">\n\t\t\t\t\t\t<div class=\"elementor-element elementor-element-6ae8c96 elementor-widget elementor-widget-heading\" data-id=\"6ae8c96\" data-element_type=\"widget\" data-widget_type=\"heading.default\">\n\t\t\t\t<div class=\"elementor-widget-container\">\n\t\t\t<h2 class=\"elementor-heading-title elementor-size-default\">Actes administratifs<\/h2>\t\t<\/div>\n\t\t\t\t<\/div>\n\t\t\t\t\t<\/div>\n\t\t<\/div>\n\t\t\t\t\t<\/div>\n\t\t<\/section>\n\t\t\t\t<section class=\"elementor-section elementor-top-section elementor-element elementor-element-uuxcwvd elementor-section-full_width elementor-section-height-default elementor-section-height-default\" data-id=\"uuxcwvd\" data-element_type=\"section\">\n\t\t\t\t\t\t<div class=\"elementor-container elementor-column-gap-default\">\n\t\t\t\t\t<div class=\"elementor-column elementor-col-100 elementor-top-column elementor-element elementor-element-vuvjkqp\" data-id=\"vuvjkqp\" data-element_type=\"column\">\n\t\t\t<div class=\"elementor-widget-wrap elementor-element-populated\">\n\t\t\t\t\t\t<section class=\"elementor-section elementor-inner-section elementor-element elementor-element-jgovkzb elementor-section-boxed elementor-section-height-default elementor-section-height-default\" data-id=\"jgovkzb\" data-element_type=\"section\">\n\t\t\t\t\t\t<div class=\"elementor-container elementor-column-gap-default\">\n\t\t\t\t\t<div class=\"elementor-column elementor-col-100 elementor-inner-column elementor-element elementor-element-ekkqgec\" data-id=\"ekkqgec\" data-element_type=\"column\">\n\t\t\t<div class=\"elementor-widget-wrap elementor-element-populated\">\n\t\t\t\t\t\t<div class=\"elementor-element elementor-element-kjepgvx elementor-widget elementor-widget-text-editor\" data-id=\"kjepgvx\" data-element_type=\"widget\" data-widget_type=\"text-editor.default\">\n\t\t\t\t<div class=\"elementor-widget-container\">\n\t\t\t\t\t\t\t<p>Afin d\u2019offrir aux citoyens un acc\u00e8s facilit\u00e9 aux actes administratifs pris par le Syndicat Mixte des Stations du Mercantour, vous pourrez dor\u00e9navant consulter en ligne ses actes.<\/p><p>Conform\u00e9ment aux dispositions de l\u2019article L.5721-4 du code g\u00e9n\u00e9ral des collectivit\u00e9s territoriales, les dispositions relatives \u00e0 la publicit\u00e9 des actes des autorit\u00e9s d\u00e9partementales sont transposables aux Syndicats mixtes ouverts.<\/p><p>Les actes r\u00e8glementaires et les actes ne pr\u00e9sentant ni un caract\u00e8re r\u00e8glementaire ni un caract\u00e8re individuel font l\u2019objet d\u2019une publication sous forme \u00e9lectronique.<\/p><p>A ce titre, le Syndicat Mixte des Stations du Mercantour met \u00e0 votre disposition, en version num\u00e9rique, sur le site stationsnicecotedazur, ses actes. Cela concerne notamment les actes r\u00e9glementaires (actes \u00e9dictant des r\u00e8gles de port\u00e9e g\u00e9n\u00e9rale et impersonnelle) pris par les assembl\u00e9es d\u00e9lib\u00e9rantes et leurs ex\u00e9cutifs.<\/p><p>Tous les actes administratifs en version papier depuis janvier 2002 jusqu\u2019\u00e0 d\u00e9cembre 2011 sont consultables, sur rendez-vous, au Service du Syndicat Mixte des Stations du Mercantour \u2013 Immeuble Le Connexio \u2013 3\u00e8me \u00e9tage 3-5 Route de Grenoble \u2013 06 364 Nice Cedex 4 \u2013 Tel : 04.89.98.19.90.<\/p>\t\t\t\t\t\t<\/div>\n\t\t\t\t<\/div>\n\t\t\t\t<div class=\"elementor-element elementor-element-wpjywep elementor-widget elementor-widget-spacer\" data-id=\"wpjywep\" data-element_type=\"widget\" data-widget_type=\"spacer.default\">\n\t\t\t\t<div class=\"elementor-widget-container\">\n\t\t\t\t\t<div class=\"elementor-spacer\">\n\t\t\t<div class=\"elementor-spacer-inner\"><\/div>\n\t\t<\/div>\n\t\t\t\t<\/div>\n\t\t\t\t<\/div>\n\t\t\t\t<div class=\"elementor-element elementor-element-5b4e6d5 elementor-widget elementor-widget-spacer\" data-id=\"5b4e6d5\" data-element_type=\"widget\" data-widget_type=\"spacer.default\">\n\t\t\t\t<div class=\"elementor-widget-container\">\n\t\t\t\t\t<div class=\"elementor-spacer\">\n\t\t\t<div class=\"elementor-spacer-inner\"><\/div>\n\t\t<\/div>\n\t\t\t\t<\/div>\n\t\t\t\t<\/div>\n\t\t\t\t<div class=\"elementor-element elementor-element-6c80b22 elementor-align-center elementor-widget elementor-widget-button\" data-id=\"6c80b22\" data-element_type=\"widget\" data-widget_type=\"button.default\">\n\t\t\t\t<div class=\"elementor-widget-container\">\n\t\t\t\t\t\t\t<div class=\"elementor-button-wrapper\">\n\t\t\t\t\t<a class=\"elementor-button elementor-button-link elementor-size-lg\" href=\"https:\/\/pilot.sictiam.fr\/iframeaffichagesiteweb?siren=250602059\" target=\"_blank\">\n\t\t\t\t\t\t<span class=\"elementor-button-content-wrapper\">\n\t\t\t\t\t\t\t\t\t<span class=\"elementor-button-text\">VOIR LES ACTES<\/span>\n\t\t\t\t\t<\/span>\n\t\t\t\t\t<\/a>\n\t\t\t\t<\/div>\n\t\t\t\t\t\t<\/div>\n\t\t\t\t<\/div>\n\t\t\t\t\t<\/div>\n\t\t<\/div>\n\t\t\t\t\t<\/div>\n\t\t<\/section>\n\t\t\t\t<div class=\"elementor-element elementor-element-kgklrpm elementor-widget elementor-widget-spacer\" data-id=\"kgklrpm\" data-element_type=\"widget\" data-widget_type=\"spacer.default\">\n\t\t\t\t<div class=\"elementor-widget-container\">\n\t\t\t\t\t<div class=\"elementor-spacer\">\n\t\t\t<div class=\"elementor-spacer-inner\"><\/div>\n\t\t<\/div>\n\t\t\t\t<\/div>\n\t\t\t\t<\/div>\n\t\t\t\t\t<\/div>\n\t\t<\/div>\n\t\t\t\t\t<\/div>\n\t\t<\/section>\n\t\t\t\t<\/div>\n\t\t","protected":false},"excerpt":{"rendered":"<p>Actes administratifs Afin d\u2019offrir aux citoyens un acc\u00e8s facilit\u00e9 aux actes administratifs pris par le Syndicat Mixte des Stations du Mercantour, vous pourrez dor\u00e9navant consulter en ligne ses actes. Conform\u00e9ment aux dispositions de l\u2019article L.5721-4 du code g\u00e9n\u00e9ral des collectivit\u00e9s territoriales, les dispositions relatives \u00e0 la publicit\u00e9 des actes des autorit\u00e9s d\u00e9partementales sont transposables aux &hellip; <a href=\"https:\/\/stationsnicecotedazur.nbrun.miam.dev\/fr\/syndicat-mixte\/\" class=\"more-link\">Continuer la lecture<span class=\"screen-reader-text\"> de &laquo;&nbsp;Syndicat mixte&nbsp;&raquo;<\/span><\/a><\/p>\n","protected":false},"author":3,"featured_media":0,"parent":0,"menu_order":0,"comment_status":"closed","ping_status":"closed","template":"","meta":{"footnotes":""},"class_list":["post-2994","page","type-page","status-publish","hentry"],"yoast_head":"<!-- This site is optimized with the Yoast SEO plugin v24.0 - https:\/\/yoast.com\/wordpress\/plugins\/seo\/ -->\n<title>Stations de Ski \u00e0 Nice (06), Ski Alpes du Sud, Randonn\u00e9es et VTT - Stations du Mercantour<\/title>\n<meta name=\"description\" content=\"D\u00e9couvrez les stations de Ski d\u2019Auron, d\u2019Isola 2000 et Saint Dalmas le Selvage \u00e0 90 Minutes de Nice (06) dans les Alpes Maritimes \/ Alpes du Sud,\" \/>\n<meta name=\"robots\" content=\"index, follow, max-snippet:-1, max-image-preview:large, max-video-preview:-1\" \/>\n<link rel=\"canonical\" href=\"https:\/\/stationsnicecotedazur.nbrun.miam.dev\/fr\/syndicat-mixte\/\" \/>\n<meta property=\"og:locale\" content=\"fr_FR\" \/>\n<meta property=\"og:type\" content=\"article\" \/>\n<meta property=\"og:title\" content=\"Stations de Ski \u00e0 Nice (06), Ski Alpes du Sud, Randonn\u00e9es et VTT - Stations du Mercantour\" \/>\n<meta property=\"og:description\" content=\"D\u00e9couvrez les stations de Ski d\u2019Auron, d\u2019Isola 2000 et Saint Dalmas le Selvage \u00e0 90 Minutes de Nice (06) dans les Alpes Maritimes \/ Alpes du Sud,\" \/>\n<meta property=\"og:url\" content=\"https:\/\/stationsnicecotedazur.nbrun.miam.dev\/fr\/syndicat-mixte\/\" \/>\n<meta property=\"og:site_name\" content=\"Stations Nice C\u00f4te d&#039;Azur\" \/>\n<meta property=\"article:modified_time\" content=\"2024-12-06T09:42:24+00:00\" \/>\n<meta name=\"twitter:card\" content=\"summary_large_image\" \/>\n<meta name=\"twitter:label1\" content=\"Dur\u00e9e de lecture estim\u00e9e\" \/>\n\t<meta name=\"twitter:data1\" content=\"1 minute\" \/>\n<script type=\"application\/ld+json\" class=\"yoast-schema-graph\">{\"@context\":\"https:\/\/schema.org\",\"@graph\":[{\"@type\":\"WebPage\",\"@id\":\"https:\/\/stationsnicecotedazur.nbrun.miam.dev\/fr\/syndicat-mixte\/\",\"url\":\"https:\/\/stationsnicecotedazur.nbrun.miam.dev\/fr\/syndicat-mixte\/\",\"name\":\"Stations de Ski \u00e0 Nice (06), Ski Alpes du Sud, Randonn\u00e9es et VTT - Stations du Mercantour\",\"isPartOf\":{\"@id\":\"https:\/\/stationsnicecotedazur.nbrun.miam.dev\/fr\/#website\"},\"datePublished\":\"2016-11-18T14:33:57+00:00\",\"dateModified\":\"2024-12-06T09:42:24+00:00\",\"description\":\"D\u00e9couvrez les stations de Ski d\u2019Auron, d\u2019Isola 2000 et Saint Dalmas le Selvage \u00e0 90 Minutes de Nice (06) dans les Alpes Maritimes \/ Alpes du Sud,\",\"breadcrumb\":{\"@id\":\"https:\/\/stationsnicecotedazur.nbrun.miam.dev\/fr\/syndicat-mixte\/#breadcrumb\"},\"inLanguage\":\"fr-FR\",\"potentialAction\":[{\"@type\":\"ReadAction\",\"target\":[\"https:\/\/stationsnicecotedazur.nbrun.miam.dev\/fr\/syndicat-mixte\/\"]}]},{\"@type\":\"BreadcrumbList\",\"@id\":\"https:\/\/stationsnicecotedazur.nbrun.miam.dev\/fr\/syndicat-mixte\/#breadcrumb\",\"itemListElement\":[{\"@type\":\"ListItem\",\"position\":1,\"name\":\"Accueil\",\"item\":\"https:\/\/stationsnicecotedazur.nbrun.miam.dev\/fr\/\"},{\"@type\":\"ListItem\",\"position\":2,\"name\":\"Syndicat mixte\"}]},{\"@type\":\"WebSite\",\"@id\":\"https:\/\/stationsnicecotedazur.nbrun.miam.dev\/fr\/#website\",\"url\":\"https:\/\/stationsnicecotedazur.nbrun.miam.dev\/fr\/\",\"name\":\"Stations Nice C\u00f4te d&#039;Azur\",\"description\":\"...\",\"publisher\":{\"@id\":\"https:\/\/stationsnicecotedazur.nbrun.miam.dev\/fr\/#organization\"},\"inLanguage\":\"fr-FR\"},{\"@type\":\"Organization\",\"@id\":\"https:\/\/stationsnicecotedazur.nbrun.miam.dev\/fr\/#organization\",\"name\":\"Stations Nice C\u00f4te d&#039;Azur\",\"url\":\"https:\/\/stationsnicecotedazur.nbrun.miam.dev\/fr\/\",\"logo\":{\"@type\":\"ImageObject\",\"inLanguage\":\"fr-FR\",\"@id\":\"https:\/\/stationsnicecotedazur.nbrun.miam.dev\/fr\/#\/schema\/logo\/image\/\",\"url\":\"https:\/\/stationsnicecotedazur.nbrun.miam.dev\/wp-content\/uploads\/2024\/11\/SNCA_LOGO_2024.png\",\"contentUrl\":\"https:\/\/stationsnicecotedazur.nbrun.miam.dev\/wp-content\/uploads\/2024\/11\/SNCA_LOGO_2024.png\",\"width\":192,\"height\":129,\"caption\":\"Stations Nice C\u00f4te d&#039;Azur\"},\"image\":{\"@id\":\"https:\/\/stationsnicecotedazur.nbrun.miam.dev\/fr\/#\/schema\/logo\/image\/\"}}]}<\/script>\n<!-- \/ Yoast SEO plugin. -->","yoast_head_json":{"title":"Stations de Ski \u00e0 Nice (06), Ski Alpes du Sud, Randonn\u00e9es et VTT - Stations du Mercantour","description":"D\u00e9couvrez les stations de Ski d\u2019Auron, d\u2019Isola 2000 et Saint Dalmas le Selvage \u00e0 90 Minutes de Nice (06) dans les Alpes Maritimes \/ Alpes du Sud,","robots":{"index":"index","follow":"follow","max-snippet":"max-snippet:-1","max-image-preview":"max-image-preview:large","max-video-preview":"max-video-preview:-1"},"canonical":"https:\/\/stationsnicecotedazur.nbrun.miam.dev\/fr\/syndicat-mixte\/","og_locale":"fr_FR","og_type":"article","og_title":"Stations de Ski \u00e0 Nice (06), Ski Alpes du Sud, Randonn\u00e9es et VTT - Stations du Mercantour","og_description":"D\u00e9couvrez les stations de Ski d\u2019Auron, d\u2019Isola 2000 et Saint Dalmas le Selvage \u00e0 90 Minutes de Nice (06) dans les Alpes Maritimes \/ Alpes du Sud,","og_url":"https:\/\/stationsnicecotedazur.nbrun.miam.dev\/fr\/syndicat-mixte\/","og_site_name":"Stations Nice C\u00f4te d&#039;Azur","article_modified_time":"2024-12-06T09:42:24+00:00","twitter_card":"summary_large_image","twitter_misc":{"Dur\u00e9e de lecture estim\u00e9e":"1 minute"},"schema":{"@context":"https:\/\/schema.org","@graph":[{"@type":"WebPage","@id":"https:\/\/stationsnicecotedazur.nbrun.miam.dev\/fr\/syndicat-mixte\/","url":"https:\/\/stationsnicecotedazur.nbrun.miam.dev\/fr\/syndicat-mixte\/","name":"Stations de Ski \u00e0 Nice (06), Ski Alpes du Sud, Randonn\u00e9es et VTT - Stations du Mercantour","isPartOf":{"@id":"https:\/\/stationsnicecotedazur.nbrun.miam.dev\/fr\/#website"},"datePublished":"2016-11-18T14:33:57+00:00","dateModified":"2024-12-06T09:42:24+00:00","description":"D\u00e9couvrez les stations de Ski d\u2019Auron, d\u2019Isola 2000 et Saint Dalmas le Selvage \u00e0 90 Minutes de Nice (06) dans les Alpes Maritimes \/ Alpes du Sud,","breadcrumb":{"@id":"https:\/\/stationsnicecotedazur.nbrun.miam.dev\/fr\/syndicat-mixte\/#breadcrumb"},"inLanguage":"fr-FR","potentialAction":[{"@type":"ReadAction","target":["https:\/\/stationsnicecotedazur.nbrun.miam.dev\/fr\/syndicat-mixte\/"]}]},{"@type":"BreadcrumbList","@id":"https:\/\/stationsnicecotedazur.nbrun.miam.dev\/fr\/syndicat-mixte\/#breadcrumb","itemListElement":[{"@type":"ListItem","position":1,"name":"Accueil","item":"https:\/\/stationsnicecotedazur.nbrun.miam.dev\/fr\/"},{"@type":"ListItem","position":2,"name":"Syndicat mixte"}]},{"@type":"WebSite","@id":"https:\/\/stationsnicecotedazur.nbrun.miam.dev\/fr\/#website","url":"https:\/\/stationsnicecotedazur.nbrun.miam.dev\/fr\/","name":"Stations Nice C\u00f4te d&#039;Azur","description":"...","publisher":{"@id":"https:\/\/stationsnicecotedazur.nbrun.miam.dev\/fr\/#organization"},"inLanguage":"fr-FR"},{"@type":"Organization","@id":"https:\/\/stationsnicecotedazur.nbrun.miam.dev\/fr\/#organization","name":"Stations Nice C\u00f4te d&#039;Azur","url":"https:\/\/stationsnicecotedazur.nbrun.miam.dev\/fr\/","logo":{"@type":"ImageObject","inLanguage":"fr-FR","@id":"https:\/\/stationsnicecotedazur.nbrun.miam.dev\/fr\/#\/schema\/logo\/image\/","url":"https:\/\/stationsnicecotedazur.nbrun.miam.dev\/wp-content\/uploads\/2024\/11\/SNCA_LOGO_2024.png","contentUrl":"https:\/\/stationsnicecotedazur.nbrun.miam.dev\/wp-content\/uploads\/2024\/11\/SNCA_LOGO_2024.png","width":192,"height":129,"caption":"Stations Nice C\u00f4te d&#039;Azur"},"image":{"@id":"https:\/\/stationsnicecotedazur.nbrun.miam.dev\/fr\/#\/schema\/logo\/image\/"}}]}},"_links":{"self":[{"href":"https:\/\/stationsnicecotedazur.nbrun.miam.dev\/fr\/wp-json\/wp\/v2\/pages\/2994","targetHints":{"allow":["GET"]}}],"collection":[{"href":"https:\/\/stationsnicecotedazur.nbrun.miam.dev\/fr\/wp-json\/wp\/v2\/pages"}],"about":[{"href":"https:\/\/stationsnicecotedazur.nbrun.miam.dev\/fr\/wp-json\/wp\/v2\/types\/page"}],"author":[{"embeddable":true,"href":"https:\/\/stationsnicecotedazur.nbrun.miam.dev\/fr\/wp-json\/wp\/v2\/users\/3"}],"replies":[{"embeddable":true,"href":"https:\/\/stationsnicecotedazur.nbrun.miam.dev\/fr\/wp-json\/wp\/v2\/comments?post=2994"}],"version-history":[{"count":21,"href":"https:\/\/stationsnicecotedazur.nbrun.miam.dev\/fr\/wp-json\/wp\/v2\/pages\/2994\/revisions"}],"predecessor-version":[{"id":9609,"href":"https:\/\/stationsnicecotedazur.nbrun.miam.dev\/fr\/wp-json\/wp\/v2\/pages\/2994\/revisions\/9609"}],"wp:attachment":[{"href":"https:\/\/stationsnicecotedazur.nbrun.miam.dev\/fr\/wp-json\/wp\/v2\/media?parent=2994"}],"curies":[{"name":"wp","href":"https:\/\/api.w.org\/{rel}","templated":true}]}}