 {"id":292,"date":"2016-11-28T11:19:54","date_gmt":"2016-11-28T10:19:54","guid":{"rendered":"https:\/\/stationsnicecotedazur.nbrun.miam.dev\/fr\/?page_id=292"},"modified":"2024-12-06T10:19:21","modified_gmt":"2024-12-06T09:19:21","slug":"mentions-legales","status":"publish","type":"page","link":"https:\/\/stationsnicecotedazur.nbrun.miam.dev\/fr\/mentions-legales\/","title":{"rendered":"Mentions l\u00e9gales"},"content":{"rendered":"\t\t<div data-elementor-type=\"wp-page\" data-elementor-id=\"292\" class=\"elementor elementor-292 elementor-bc-flex-widget\" data-elementor-post-type=\"page\">\n\t\t\t\t\t\t<section class=\"elementor-section elementor-top-section elementor-element elementor-element-nygoweg elementor-section-boxed elementor-section-height-default elementor-section-height-default\" data-id=\"nygoweg\" data-element_type=\"section\">\n\t\t\t\t\t\t<div class=\"elementor-container elementor-column-gap-default\">\n\t\t\t\t\t<div class=\"elementor-column elementor-col-100 elementor-top-column elementor-element elementor-element-ikhvauf\" data-id=\"ikhvauf\" data-element_type=\"column\">\n\t\t\t<div class=\"elementor-widget-wrap elementor-element-populated\">\n\t\t\t\t\t\t<div class=\"elementor-element elementor-element-cswulxk titre titre-simple elementor-widget elementor-widget-heading\" data-id=\"cswulxk\" data-element_type=\"widget\" data-widget_type=\"heading.default\">\n\t\t\t\t<div class=\"elementor-widget-container\">\n\t\t\t<h1 class=\"elementor-heading-title elementor-size-default\">Mentions l\u00e9gales<\/h1>\t\t<\/div>\n\t\t\t\t<\/div>\n\t\t\t\t<div class=\"elementor-element elementor-element-xjajisb elementor-widget elementor-widget-text-editor\" data-id=\"xjajisb\" data-element_type=\"widget\" data-widget_type=\"text-editor.default\">\n\t\t\t\t<div class=\"elementor-widget-container\">\n\t\t\t\t\t\t\t<p>Syndicat Mixte des Stations du Mercantour<br \/> 5 rue de l\u2019h\u00f4tel de ville<br \/> 06364 Nice Cedex 4<\/p><p>Responsable \u00e9ditorial du site : Mariana BONET<br \/> Directeur de la publication : Mariana BONET<br \/> Responsable de la r\u00e9daction : Mariana BONET<\/p><p>Nom de l\u2019h\u00e9bergeur : OVH<br \/> Raison sociale :SARL<br \/> Adresse : 2 rue Kellermann 59100 Roubaix<br \/> Num\u00e9ro de t\u00e9l\u00e9phone : 0820 698 765<\/p>\t\t\t\t\t\t<\/div>\n\t\t\t\t<\/div>\n\t\t\t\t\t<\/div>\n\t\t<\/div>\n\t\t\t\t\t<\/div>\n\t\t<\/section>\n\t\t\t\t<\/div>\n\t\t","protected":false},"excerpt":{"rendered":"<p>Mentions l\u00e9gales Syndicat Mixte des Stations du Mercantour 5 rue de l\u2019h\u00f4tel de ville 06364 Nice Cedex 4 Responsable \u00e9ditorial du site : Mariana BONET Directeur de la publication : Mariana BONET Responsable de la r\u00e9daction : Mariana BONET Nom de l\u2019h\u00e9bergeur : OVH Raison sociale :SARL Adresse : 2 rue Kellermann 59100 Roubaix Num\u00e9ro &hellip; <a href=\"https:\/\/stationsnicecotedazur.nbrun.miam.dev\/fr\/mentions-legales\/\" class=\"more-link\">Continuer la lecture<span class=\"screen-reader-text\"> de &laquo;&nbsp;Mentions l\u00e9gales&nbsp;&raquo;<\/span><\/a><\/p>\n","protected":false},"author":1,"featured_media":0,"parent":0,"menu_order":0,"comment_status":"closed","ping_status":"closed","template":"","meta":{"footnotes":""},"class_list":["post-292","page","type-page","status-publish","hentry"],"yoast_head":"<!-- This site is optimized with the Yoast SEO plugin v24.0 - https:\/\/yoast.com\/wordpress\/plugins\/seo\/ -->\n<title>Mentions l\u00e9gales - Stations Nice C\u00f4te d&#039;Azur<\/title>\n<meta name=\"robots\" content=\"index, follow, max-snippet:-1, max-image-preview:large, max-video-preview:-1\" \/>\n<link rel=\"canonical\" href=\"https:\/\/stationsnicecotedazur.nbrun.miam.dev\/fr\/mentions-legales\/\" \/>\n<meta property=\"og:locale\" content=\"fr_FR\" \/>\n<meta property=\"og:type\" content=\"article\" \/>\n<meta property=\"og:title\" content=\"Mentions l\u00e9gales - Stations Nice C\u00f4te d&#039;Azur\" \/>\n<meta property=\"og:description\" content=\"Mentions l\u00e9gales Syndicat Mixte des Stations du Mercantour 5 rue de l\u2019h\u00f4tel de ville 06364 Nice Cedex 4 Responsable \u00e9ditorial du site : Mariana BONET Directeur de la publication : Mariana BONET Responsable de la r\u00e9daction : Mariana BONET Nom de l\u2019h\u00e9bergeur : OVH Raison sociale :SARL Adresse : 2 rue Kellermann 59100 Roubaix Num\u00e9ro &hellip; Continuer la lecture de &laquo;&nbsp;Mentions l\u00e9gales&nbsp;&raquo;\" \/>\n<meta property=\"og:url\" content=\"https:\/\/stationsnicecotedazur.nbrun.miam.dev\/fr\/mentions-legales\/\" \/>\n<meta property=\"og:site_name\" content=\"Stations Nice C\u00f4te d&#039;Azur\" \/>\n<meta property=\"article:modified_time\" content=\"2024-12-06T09:19:21+00:00\" \/>\n<meta name=\"twitter:card\" content=\"summary_large_image\" \/>\n<script type=\"application\/ld+json\" class=\"yoast-schema-graph\">{\"@context\":\"https:\/\/schema.org\",\"@graph\":[{\"@type\":\"WebPage\",\"@id\":\"https:\/\/stationsnicecotedazur.nbrun.miam.dev\/fr\/mentions-legales\/\",\"url\":\"https:\/\/stationsnicecotedazur.nbrun.miam.dev\/fr\/mentions-legales\/\",\"name\":\"Mentions l\u00e9gales - Stations Nice C\u00f4te d&#039;Azur\",\"isPartOf\":{\"@id\":\"https:\/\/stationsnicecotedazur.nbrun.miam.dev\/fr\/#website\"},\"datePublished\":\"2016-11-28T10:19:54+00:00\",\"dateModified\":\"2024-12-06T09:19:21+00:00\",\"breadcrumb\":{\"@id\":\"https:\/\/stationsnicecotedazur.nbrun.miam.dev\/fr\/mentions-legales\/#breadcrumb\"},\"inLanguage\":\"fr-FR\",\"potentialAction\":[{\"@type\":\"ReadAction\",\"target\":[\"https:\/\/stationsnicecotedazur.nbrun.miam.dev\/fr\/mentions-legales\/\"]}]},{\"@type\":\"BreadcrumbList\",\"@id\":\"https:\/\/stationsnicecotedazur.nbrun.miam.dev\/fr\/mentions-legales\/#breadcrumb\",\"itemListElement\":[{\"@type\":\"ListItem\",\"position\":1,\"name\":\"Accueil\",\"item\":\"https:\/\/stationsnicecotedazur.nbrun.miam.dev\/fr\/\"},{\"@type\":\"ListItem\",\"position\":2,\"name\":\"Mentions l\u00e9gales\"}]},{\"@type\":\"WebSite\",\"@id\":\"https:\/\/stationsnicecotedazur.nbrun.miam.dev\/fr\/#website\",\"url\":\"https:\/\/stationsnicecotedazur.nbrun.miam.dev\/fr\/\",\"name\":\"Stations Nice C\u00f4te d&#039;Azur\",\"description\":\"...\",\"publisher\":{\"@id\":\"https:\/\/stationsnicecotedazur.nbrun.miam.dev\/fr\/#organization\"},\"inLanguage\":\"fr-FR\"},{\"@type\":\"Organization\",\"@id\":\"https:\/\/stationsnicecotedazur.nbrun.miam.dev\/fr\/#organization\",\"name\":\"Stations Nice C\u00f4te d&#039;Azur\",\"url\":\"https:\/\/stationsnicecotedazur.nbrun.miam.dev\/fr\/\",\"logo\":{\"@type\":\"ImageObject\",\"inLanguage\":\"fr-FR\",\"@id\":\"https:\/\/stationsnicecotedazur.nbrun.miam.dev\/fr\/#\/schema\/logo\/image\/\",\"url\":\"https:\/\/stationsnicecotedazur.nbrun.miam.dev\/wp-content\/uploads\/2024\/11\/SNCA_LOGO_2024.png\",\"contentUrl\":\"https:\/\/stationsnicecotedazur.nbrun.miam.dev\/wp-content\/uploads\/2024\/11\/SNCA_LOGO_2024.png\",\"width\":192,\"height\":129,\"caption\":\"Stations Nice C\u00f4te d&#039;Azur\"},\"image\":{\"@id\":\"https:\/\/stationsnicecotedazur.nbrun.miam.dev\/fr\/#\/schema\/logo\/image\/\"}}]}<\/script>\n<!-- \/ Yoast SEO plugin. -->","yoast_head_json":{"title":"Mentions l\u00e9gales - Stations Nice C\u00f4te d&#039;Azur","robots":{"index":"index","follow":"follow","max-snippet":"max-snippet:-1","max-image-preview":"max-image-preview:large","max-video-preview":"max-video-preview:-1"},"canonical":"https:\/\/stationsnicecotedazur.nbrun.miam.dev\/fr\/mentions-legales\/","og_locale":"fr_FR","og_type":"article","og_title":"Mentions l\u00e9gales - Stations Nice C\u00f4te d&#039;Azur","og_description":"Mentions l\u00e9gales Syndicat Mixte des Stations du Mercantour 5 rue de l\u2019h\u00f4tel de ville 06364 Nice Cedex 4 Responsable \u00e9ditorial du site : Mariana BONET Directeur de la publication : Mariana BONET Responsable de la r\u00e9daction : Mariana BONET Nom de l\u2019h\u00e9bergeur : OVH Raison sociale :SARL Adresse : 2 rue Kellermann 59100 Roubaix Num\u00e9ro &hellip; Continuer la lecture de &laquo;&nbsp;Mentions l\u00e9gales&nbsp;&raquo;","og_url":"https:\/\/stationsnicecotedazur.nbrun.miam.dev\/fr\/mentions-legales\/","og_site_name":"Stations Nice C\u00f4te d&#039;Azur","article_modified_time":"2024-12-06T09:19:21+00:00","twitter_card":"summary_large_image","schema":{"@context":"https:\/\/schema.org","@graph":[{"@type":"WebPage","@id":"https:\/\/stationsnicecotedazur.nbrun.miam.dev\/fr\/mentions-legales\/","url":"https:\/\/stationsnicecotedazur.nbrun.miam.dev\/fr\/mentions-legales\/","name":"Mentions l\u00e9gales - Stations Nice C\u00f4te d&#039;Azur","isPartOf":{"@id":"https:\/\/stationsnicecotedazur.nbrun.miam.dev\/fr\/#website"},"datePublished":"2016-11-28T10:19:54+00:00","dateModified":"2024-12-06T09:19:21+00:00","breadcrumb":{"@id":"https:\/\/stationsnicecotedazur.nbrun.miam.dev\/fr\/mentions-legales\/#breadcrumb"},"inLanguage":"fr-FR","potentialAction":[{"@type":"ReadAction","target":["https:\/\/stationsnicecotedazur.nbrun.miam.dev\/fr\/mentions-legales\/"]}]},{"@type":"BreadcrumbList","@id":"https:\/\/stationsnicecotedazur.nbrun.miam.dev\/fr\/mentions-legales\/#breadcrumb","itemListElement":[{"@type":"ListItem","position":1,"name":"Accueil","item":"https:\/\/stationsnicecotedazur.nbrun.miam.dev\/fr\/"},{"@type":"ListItem","position":2,"name":"Mentions l\u00e9gales"}]},{"@type":"WebSite","@id":"https:\/\/stationsnicecotedazur.nbrun.miam.dev\/fr\/#website","url":"https:\/\/stationsnicecotedazur.nbrun.miam.dev\/fr\/","name":"Stations Nice C\u00f4te d&#039;Azur","description":"...","publisher":{"@id":"https:\/\/stationsnicecotedazur.nbrun.miam.dev\/fr\/#organization"},"inLanguage":"fr-FR"},{"@type":"Organization","@id":"https:\/\/stationsnicecotedazur.nbrun.miam.dev\/fr\/#organization","name":"Stations Nice C\u00f4te d&#039;Azur","url":"https:\/\/stationsnicecotedazur.nbrun.miam.dev\/fr\/","logo":{"@type":"ImageObject","inLanguage":"fr-FR","@id":"https:\/\/stationsnicecotedazur.nbrun.miam.dev\/fr\/#\/schema\/logo\/image\/","url":"https:\/\/stationsnicecotedazur.nbrun.miam.dev\/wp-content\/uploads\/2024\/11\/SNCA_LOGO_2024.png","contentUrl":"https:\/\/stationsnicecotedazur.nbrun.miam.dev\/wp-content\/uploads\/2024\/11\/SNCA_LOGO_2024.png","width":192,"height":129,"caption":"Stations Nice C\u00f4te d&#039;Azur"},"image":{"@id":"https:\/\/stationsnicecotedazur.nbrun.miam.dev\/fr\/#\/schema\/logo\/image\/"}}]}},"_links":{"self":[{"href":"https:\/\/stationsnicecotedazur.nbrun.miam.dev\/fr\/wp-json\/wp\/v2\/pages\/292","targetHints":{"allow":["GET"]}}],"collection":[{"href":"https:\/\/stationsnicecotedazur.nbrun.miam.dev\/fr\/wp-json\/wp\/v2\/pages"}],"about":[{"href":"https:\/\/stationsnicecotedazur.nbrun.miam.dev\/fr\/wp-json\/wp\/v2\/types\/page"}],"author":[{"embeddable":true,"href":"https:\/\/stationsnicecotedazur.nbrun.miam.dev\/fr\/wp-json\/wp\/v2\/users\/1"}],"replies":[{"embeddable":true,"href":"https:\/\/stationsnicecotedazur.nbrun.miam.dev\/fr\/wp-json\/wp\/v2\/comments?post=292"}],"version-history":[{"count":5,"href":"https:\/\/stationsnicecotedazur.nbrun.miam.dev\/fr\/wp-json\/wp\/v2\/pages\/292\/revisions"}],"predecessor-version":[{"id":7346,"href":"https:\/\/stationsnicecotedazur.nbrun.miam.dev\/fr\/wp-json\/wp\/v2\/pages\/292\/revisions\/7346"}],"wp:attachment":[{"href":"https:\/\/stationsnicecotedazur.nbrun.miam.dev\/fr\/wp-json\/wp\/v2\/media?parent=292"}],"curies":[{"name":"wp","href":"https:\/\/api.w.org\/{rel}","templated":true}]}}