 {"id":1726,"date":"2016-11-22T14:35:40","date_gmt":"2016-11-22T13:35:40","guid":{"rendered":"https:\/\/stationsnicecotedazur.nbrun.miam.dev\/?page_id=1726"},"modified":"2024-12-06T09:51:51","modified_gmt":"2024-12-06T08:51:51","slug":"le-domaine-en-ete","status":"publish","type":"page","link":"https:\/\/stationsnicecotedazur.nbrun.miam.dev\/fr\/le-domaine-en-ete\/","title":{"rendered":"Le domaine en \u00e9t\u00e9"},"content":{"rendered":"\t\t<div data-elementor-type=\"wp-page\" data-elementor-id=\"1726\" class=\"elementor elementor-1726 elementor-bc-flex-widget\" data-elementor-post-type=\"page\">\n\t\t\t\t\t\t<section class=\"elementor-section elementor-top-section elementor-element elementor-element-biedfjk elementor-section-full_width elementor-section-height-default elementor-section-height-default\" data-id=\"biedfjk\" data-element_type=\"section\">\n\t\t\t\t\t\t<div class=\"elementor-container elementor-column-gap-default\">\n\t\t\t\t\t<div class=\"elementor-column elementor-col-100 elementor-top-column elementor-element elementor-element-fbgqyhr\" data-id=\"fbgqyhr\" data-element_type=\"column\">\n\t\t\t<div class=\"elementor-widget-wrap elementor-element-populated\">\n\t\t\t\t\t\t<section class=\"elementor-section elementor-inner-section elementor-element elementor-element-vyamxbx elementor-section-full_width banniere-station elementor-section-height-default elementor-section-height-default\" data-id=\"vyamxbx\" data-element_type=\"section\">\n\t\t\t\t\t\t<div class=\"elementor-container elementor-column-gap-default\">\n\t\t\t\t\t<div class=\"elementor-column elementor-col-100 elementor-inner-column elementor-element elementor-element-sbismkf\" data-id=\"sbismkf\" data-element_type=\"column\">\n\t\t\t<div class=\"elementor-widget-wrap elementor-element-populated\">\n\t\t\t\t\t\t<div class=\"elementor-element elementor-element-zwidqbt elementor-widget elementor-widget-text-editor\" data-id=\"zwidqbt\" data-element_type=\"widget\" data-widget_type=\"text-editor.default\">\n\t\t\t\t<div class=\"elementor-widget-container\">\n\t\t\t<div class=\"echo-debug\" style=\"display:none\">array(1) {\n  [0]=>\n  object(stdClass)#5597 (3) {\n    [\"id\"]=>\n    string(3) \"228\"\n    [\"fields\"]=>\n    object(stdClass)#6558 (2) {\n      [\"title\"]=>\n      string(52) \"banniere \/ Le domaine \/ domaine \/ hiver \/ Le domaine\"\n      [\"caption\"]=>\n      string(0) \"\"\n    }\n    [\"post_id\"]=>\n    int(1726)\n  }\n}\n<\/div>\t\t\t\t<div id=\"banniere-banniere\" class=\"banniere2\" style=\"background-image:url('https:\/\/stationsnicecotedazur.nbrun.miam.dev\/wp-content\/uploads\/2016\/11\/banniere-le-domaine.jpg');\"><h1>le domaine<\/h1><div class=\"pattern-triangle pattern-line\"><\/div><\/div>\t\t\t\t\t\t<\/div>\n\t\t\t\t<\/div>\n\t\t\t\t\t<\/div>\n\t\t<\/div>\n\t\t\t\t\t<\/div>\n\t\t<\/section>\n\t\t\t\t<div class=\"elementor-element elementor-element-jxkwmcj elementor-widget elementor-widget-spacer\" data-id=\"jxkwmcj\" data-element_type=\"widget\" data-widget_type=\"spacer.default\">\n\t\t\t\t<div class=\"elementor-widget-container\">\n\t\t\t\t\t<div class=\"elementor-spacer\">\n\t\t\t<div class=\"elementor-spacer-inner\"><\/div>\n\t\t<\/div>\n\t\t\t\t<\/div>\n\t\t\t\t<\/div>\n\t\t\t\t<section class=\"elementor-section elementor-inner-section elementor-element elementor-element-zkadykc elementor-section-full_width elementor-section-height-default elementor-section-height-default\" data-id=\"zkadykc\" data-element_type=\"section\">\n\t\t\t\t\t\t<div class=\"elementor-container elementor-column-gap-default\">\n\t\t\t\t\t<div class=\"elementor-column elementor-col-100 elementor-inner-column elementor-element elementor-element-juuates textcenter\" data-id=\"juuates\" data-element_type=\"column\">\n\t\t\t<div class=\"elementor-widget-wrap elementor-element-populated\">\n\t\t\t\t\t\t<div class=\"elementor-element elementor-element-qwefdmy titre titre-simple elementor-widget elementor-widget-heading\" data-id=\"qwefdmy\" data-element_type=\"widget\" data-widget_type=\"heading.default\">\n\t\t\t\t<div class=\"elementor-widget-container\">\n\t\t\t<h2 class=\"elementor-heading-title elementor-size-default\">Cet \u00e9t\u00e9 prenez un grand bol d\u2019air frais, ayez la Nice Altitude !<\/h2>\t\t<\/div>\n\t\t\t\t<\/div>\n\t\t\t\t<div class=\"elementor-element elementor-element-uyecbui inlineblock elementor-widget elementor-widget-heading\" data-id=\"uyecbui\" data-element_type=\"widget\" data-widget_type=\"heading.default\">\n\t\t\t\t<div class=\"elementor-widget-container\">\n\t\t\t<h2 class=\"elementor-heading-title elementor-size-default\">LE SYNDICAT MIXTE DES STATIONS DU MERCANTOUR<\/h2>\t\t<\/div>\n\t\t\t\t<\/div>\n\t\t\t\t<div class=\"elementor-element elementor-element-umqhmyk elementor-widget elementor-widget-image\" data-id=\"umqhmyk\" data-element_type=\"widget\" data-widget_type=\"image.default\">\n\t\t\t\t<div class=\"elementor-widget-container\">\n\t\t\t\t\t\t\t\t\t\t\t\t\t<img decoding=\"async\" src=\"https:\/\/stationsnicecotedazur.nbrun.miam.dev\/wp-content\/uploads\/elementor\/thumbs\/Lac-de-Vens-12-qy0t1q1t7qbnyle912qmzkstbiz1h1bfg5xq5tnnxy.jpg\" title=\"Lac de Vens -12\" alt=\"Lac de Vens -12\" loading=\"lazy\" \/>\t\t\t\t\t\t\t\t\t\t\t\t\t<\/div>\n\t\t\t\t<\/div>\n\t\t\t\t\t<\/div>\n\t\t<\/div>\n\t\t\t\t\t<\/div>\n\t\t<\/section>\n\t\t\t\t<div class=\"elementor-element elementor-element-yzzuuje elementor-widget elementor-widget-spacer\" data-id=\"yzzuuje\" data-element_type=\"widget\" data-widget_type=\"spacer.default\">\n\t\t\t\t<div class=\"elementor-widget-container\">\n\t\t\t\t\t<div class=\"elementor-spacer\">\n\t\t\t<div class=\"elementor-spacer-inner\"><\/div>\n\t\t<\/div>\n\t\t\t\t<\/div>\n\t\t\t\t<\/div>\n\t\t\t\t<section class=\"elementor-section elementor-inner-section elementor-element elementor-element-gljxnlo elementor-section-boxed elementor-section-height-default elementor-section-height-default\" data-id=\"gljxnlo\" data-element_type=\"section\">\n\t\t\t\t\t\t<div class=\"elementor-container elementor-column-gap-default\">\n\t\t\t\t\t<div class=\"elementor-column elementor-col-66 elementor-inner-column elementor-element elementor-element-quavunq\" data-id=\"quavunq\" data-element_type=\"column\">\n\t\t\t<div class=\"elementor-widget-wrap elementor-element-populated\">\n\t\t\t\t\t\t<div class=\"elementor-element elementor-element-wndqeml titre titre-simple titre-petit elementor-widget elementor-widget-heading\" data-id=\"wndqeml\" data-element_type=\"widget\" data-widget_type=\"heading.default\">\n\t\t\t\t<div class=\"elementor-widget-container\">\n\t\t\t<h2 class=\"elementor-heading-title elementor-size-default\">Trois stations au sommet !<\/h2>\t\t<\/div>\n\t\t\t\t<\/div>\n\t\t\t\t<div class=\"elementor-element elementor-element-bcmljwr elementor-widget elementor-widget-text-editor\" data-id=\"bcmljwr\" data-element_type=\"widget\" data-widget_type=\"text-editor.default\">\n\t\t\t\t<div class=\"elementor-widget-container\">\n\t\t\t\t\t\t\t<p>Les stations d\u2019Auron, d\u2019Isola 2000 et de Saint-Dalmas-le-Selvage sont regroup\u00e9es depuis 2003 au sein du Syndicat Mixte des Stations du Mercantour. Son Pr\u00e9sident, Christian Estrosi y m\u00e8ne une politique ambitieuse de d\u00e9veloppement et de modernisation des \u00e9quipements et des sites, en pr\u00e9servant le patrimoine historique et authentique de ces trois stations.<\/p>\t\t\t\t\t\t<\/div>\n\t\t\t\t<\/div>\n\t\t\t\t<div class=\"elementor-element elementor-element-yqsnabh titre titre-simple titre-petit elementor-widget elementor-widget-heading\" data-id=\"yqsnabh\" data-element_type=\"widget\" data-widget_type=\"heading.default\">\n\t\t\t\t<div class=\"elementor-widget-container\">\n\t\t\t<h2 class=\"elementor-heading-title elementor-size-default\">Un patrimoine naturel d\u2019exception aux portes du Parc du Mercantour <\/h2>\t\t<\/div>\n\t\t\t\t<\/div>\n\t\t\t\t<div class=\"elementor-element elementor-element-irspgew elementor-widget elementor-widget-text-editor\" data-id=\"irspgew\" data-element_type=\"widget\" data-widget_type=\"text-editor.default\">\n\t\t\t\t<div class=\"elementor-widget-container\">\n\t\t\t\t\t\t\t<p>Les stations sont situ\u00e9es au pied de l\u2019un des dix parcs nationaux de France, le parc du Mercantour. Avec ses six vall\u00e9es au caract\u00e8re bien marqu\u00e9, ses sommets \u00e0 plus de 3 000 m et ses multiples lacs, le parc est aussi l\u2019un des plus sauvages et l\u2019un des plus riches espaces naturels par sa biodiversit\u00e9.<\/p>\t\t\t\t\t\t<\/div>\n\t\t\t\t<\/div>\n\t\t\t\t<div class=\"elementor-element elementor-element-yoxzkqf titre titre-simple titre-petit elementor-widget elementor-widget-heading\" data-id=\"yoxzkqf\" data-element_type=\"widget\" data-widget_type=\"heading.default\">\n\t\t\t\t<div class=\"elementor-widget-container\">\n\t\t\t<h2 class=\"elementor-heading-title elementor-size-default\">Air, terre, mer\u2026 les stations Nice C\u00f4te d\u2019Azur ont tout pour plaire <\/h2>\t\t<\/div>\n\t\t\t\t<\/div>\n\t\t\t\t<div class=\"elementor-element elementor-element-kdvuqvp elementor-widget elementor-widget-text-editor\" data-id=\"kdvuqvp\" data-element_type=\"widget\" data-widget_type=\"text-editor.default\">\n\t\t\t\t<div class=\"elementor-widget-container\">\n\t\t\t\t\t\t\t<p>Fini le choix entre mer et montagne pour les vacances estivales, ici tout est possible. A 1h30 de la Promenade des Anglais et de la M\u00e9diterran\u00e9e, vous trouverez \u00e0 Auron, Isola 2000 et Saint Dalmas le Selvage l\u2019ensemble des activit\u00e9s de pleine montagne. Entre plage et randonn\u00e9es, entre v\u00e9lo bleu et sentiers VTT, c\u2019est \u00e0 vous de choisir votre activit\u00e9 du jour. <br \/>Mer et montagne s\u2019allient cet \u00e9t\u00e9 pour vous offrir un plus grand panel d\u2019activit\u00e9s. Atterrissez \u00e0 l\u2019a\u00e9roport de Nice et venez prendre un bol d\u2019air frais en montagne et go\u00fbter \u00e0 la diversit\u00e9 et au charme de la M\u00e9tropole Nice C\u00f4te d\u2019Azur. <br \/><br \/>Envie de sport\u00a0? \u00c0 vous les nombreuses activit\u00e9s d\u2019\u00e9t\u00e9\u00a0!<br \/>Envie de farniente\u00a0? \u00c0 vous la sieste en plein c\u0153ur de la flore\u00a0!<br \/>Rendez-vous dans les stations Nice C\u00f4te d\u2019Azur.<\/p>\t\t\t\t\t\t<\/div>\n\t\t\t\t<\/div>\n\t\t\t\t\t<\/div>\n\t\t<\/div>\n\t\t\t\t<div class=\"elementor-column elementor-col-33 elementor-inner-column elementor-element elementor-element-cfdtino\" data-id=\"cfdtino\" data-element_type=\"column\">\n\t\t\t<div class=\"elementor-widget-wrap elementor-element-populated\">\n\t\t\t\t\t\t<div class=\"elementor-element elementor-element-dfiyivj titre titre-contact elementor-widget elementor-widget-heading\" data-id=\"dfiyivj\" data-element_type=\"widget\" data-widget_type=\"heading.default\">\n\t\t\t\t<div class=\"elementor-widget-container\">\n\t\t\t<h2 class=\"elementor-heading-title elementor-size-default\">Contacts utiles<\/h2>\t\t<\/div>\n\t\t\t\t<\/div>\n\t\t\t\t<div class=\"elementor-element elementor-element-wsyuxcs block-contact elementor-widget elementor-widget-text-editor\" data-id=\"wsyuxcs\" data-element_type=\"widget\" data-widget_type=\"text-editor.default\">\n\t\t\t\t<div class=\"elementor-widget-container\">\n\t\t\t\t\t\t\t<p><a class=\"link\" href=\"mailto:contact@stationsnicecotedazur.com\">contact@stationsnicecotedazur.com<\/a><\/p>\t\t\t\t\t\t<\/div>\n\t\t\t\t<\/div>\n\t\t\t\t\t<\/div>\n\t\t<\/div>\n\t\t\t\t\t<\/div>\n\t\t<\/section>\n\t\t\t\t<section class=\"elementor-section elementor-inner-section elementor-element elementor-element-tzyaukz elementor-section-boxed elementor-section-height-default elementor-section-height-default\" data-id=\"tzyaukz\" data-element_type=\"section\" data-settings=\"{&quot;background_background&quot;:&quot;classic&quot;}\">\n\t\t\t\t\t\t<div class=\"elementor-container elementor-column-gap-default\">\n\t\t\t\t\t<div class=\"elementor-column elementor-col-100 elementor-inner-column elementor-element elementor-element-qtxllec\" data-id=\"qtxllec\" data-element_type=\"column\">\n\t\t\t<div class=\"elementor-widget-wrap elementor-element-populated\">\n\t\t\t\t\t\t<div class=\"elementor-element elementor-element-pxjwtgv titre titre-simple titre-moyen elementor-widget elementor-widget-heading\" data-id=\"pxjwtgv\" data-element_type=\"widget\" data-widget_type=\"heading.default\">\n\t\t\t\t<div class=\"elementor-widget-container\">\n\t\t\t<h2 class=\"elementor-heading-title elementor-size-default\">Le Mercantour c\u2019est\u2026<\/h2>\t\t<\/div>\n\t\t\t\t<\/div>\n\t\t\t\t<div class=\"elementor-element elementor-element-sjjcolu elementor-widget elementor-widget-text-editor\" data-id=\"sjjcolu\" data-element_type=\"widget\" data-widget_type=\"text-editor.default\">\n\t\t\t\t<div class=\"elementor-widget-container\">\n\t\t\t\t\t\t\t<div class=\"line chiffres\">\n<div class=\"demiblock w33p\"><i class=\"mrc mrc-piste\"><\/i><strong>550 KM<\/strong> de sentiers balis\u00e9s<\/div>\n<div class=\"demiblock w33p\"><strong>14<\/strong> espaces prot\u00e9g\u00e9s natura 2000<\/div>\n<div class=\"demiblock w33p\"><strong>24<\/strong> pistes de descente VTT<\/div>\n<\/div>\t\t\t\t\t\t<\/div>\n\t\t\t\t<\/div>\n\t\t\t\t\t<\/div>\n\t\t<\/div>\n\t\t\t\t\t<\/div>\n\t\t<\/section>\n\t\t\t\t<div class=\"elementor-element elementor-element-tgxadlb elementor-widget elementor-widget-spacer\" data-id=\"tgxadlb\" data-element_type=\"widget\" data-widget_type=\"spacer.default\">\n\t\t\t\t<div class=\"elementor-widget-container\">\n\t\t\t\t\t<div class=\"elementor-spacer\">\n\t\t\t<div class=\"elementor-spacer-inner\"><\/div>\n\t\t<\/div>\n\t\t\t\t<\/div>\n\t\t\t\t<\/div>\n\t\t\t\t\t<\/div>\n\t\t<\/div>\n\t\t\t\t\t<\/div>\n\t\t<\/section>\n\t\t\t\t<\/div>\n\t\t","protected":false},"excerpt":{"rendered":"<p>Cet \u00e9t\u00e9 prenez un grand bol d\u2019air frais, ayez la Nice Altitude ! LE SYNDICAT MIXTE DES STATIONS DU MERCANTOUR Trois stations au sommet ! Les stations d\u2019Auron, d\u2019Isola 2000 et de Saint-Dalmas-le-Selvage sont regroup\u00e9es depuis 2003 au sein du Syndicat Mixte des Stations du Mercantour. Son Pr\u00e9sident, Christian Estrosi y m\u00e8ne une politique ambitieuse &hellip; <a href=\"https:\/\/stationsnicecotedazur.nbrun.miam.dev\/fr\/le-domaine-en-ete\/\" class=\"more-link\">Continuer la lecture<span class=\"screen-reader-text\"> de &laquo;&nbsp;Le domaine en \u00e9t\u00e9&nbsp;&raquo;<\/span><\/a><\/p>\n","protected":false},"author":1,"featured_media":0,"parent":0,"menu_order":0,"comment_status":"closed","ping_status":"closed","template":"","meta":{"footnotes":""},"class_list":["post-1726","page","type-page","status-publish","hentry"],"yoast_head":"<!-- This site is optimized with the Yoast SEO plugin v24.0 - https:\/\/yoast.com\/wordpress\/plugins\/seo\/ -->\n<title>Station de Ski \u00e0 Nice 06, Snowpark Alpes du Sud - Stations du Mercantour<\/title>\n<meta name=\"description\" content=\"D\u00e9couvrez les 3 stations de Ski des Alpes Maritimes \u00e0 1H30 de Nice : Auron, Isola 2000 et Saint Dalmas le Selvage pour profitez des pistes de ski en saison.\" \/>\n<meta name=\"robots\" content=\"index, follow, max-snippet:-1, max-image-preview:large, max-video-preview:-1\" \/>\n<link rel=\"canonical\" href=\"https:\/\/stationsnicecotedazur.nbrun.miam.dev\/fr\/le-domaine-en-ete\/\" \/>\n<meta property=\"og:locale\" content=\"fr_FR\" \/>\n<meta property=\"og:type\" content=\"article\" \/>\n<meta property=\"og:title\" content=\"Station de Ski \u00e0 Nice 06, Snowpark Alpes du Sud - Stations du Mercantour\" \/>\n<meta property=\"og:description\" content=\"D\u00e9couvrez les 3 stations de Ski des Alpes Maritimes \u00e0 1H30 de Nice : Auron, Isola 2000 et Saint Dalmas le Selvage pour profitez des pistes de ski en saison.\" \/>\n<meta property=\"og:url\" content=\"https:\/\/stationsnicecotedazur.nbrun.miam.dev\/fr\/le-domaine-en-ete\/\" \/>\n<meta property=\"og:site_name\" content=\"Stations Nice C\u00f4te d&#039;Azur\" \/>\n<meta property=\"article:modified_time\" content=\"2024-12-06T08:51:51+00:00\" \/>\n<meta property=\"og:image\" content=\"https:\/\/stationsnicecotedazur.nbrun.miam.dev\/wp-content\/uploads\/2016\/11\/Lac-de-Vens-12.jpg\" \/>\n<meta name=\"twitter:card\" content=\"summary_large_image\" \/>\n<meta name=\"twitter:label1\" content=\"Dur\u00e9e de lecture estim\u00e9e\" \/>\n\t<meta name=\"twitter:data1\" content=\"2 minutes\" \/>\n<script type=\"application\/ld+json\" class=\"yoast-schema-graph\">{\"@context\":\"https:\/\/schema.org\",\"@graph\":[{\"@type\":\"WebPage\",\"@id\":\"https:\/\/stationsnicecotedazur.nbrun.miam.dev\/fr\/le-domaine-en-ete\/\",\"url\":\"https:\/\/stationsnicecotedazur.nbrun.miam.dev\/fr\/le-domaine-en-ete\/\",\"name\":\"Station de Ski \u00e0 Nice 06, Snowpark Alpes du Sud - Stations du Mercantour\",\"isPartOf\":{\"@id\":\"https:\/\/stationsnicecotedazur.nbrun.miam.dev\/fr\/#website\"},\"primaryImageOfPage\":{\"@id\":\"https:\/\/stationsnicecotedazur.nbrun.miam.dev\/fr\/le-domaine-en-ete\/#primaryimage\"},\"image\":{\"@id\":\"https:\/\/stationsnicecotedazur.nbrun.miam.dev\/fr\/le-domaine-en-ete\/#primaryimage\"},\"thumbnailUrl\":\"https:\/\/stationsnicecotedazur.nbrun.miam.dev\/wp-content\/uploads\/2016\/11\/Lac-de-Vens-12.jpg\",\"datePublished\":\"2016-11-22T13:35:40+00:00\",\"dateModified\":\"2024-12-06T08:51:51+00:00\",\"description\":\"D\u00e9couvrez les 3 stations de Ski des Alpes Maritimes \u00e0 1H30 de Nice : Auron, Isola 2000 et Saint Dalmas le Selvage pour profitez des pistes de ski en saison.\",\"breadcrumb\":{\"@id\":\"https:\/\/stationsnicecotedazur.nbrun.miam.dev\/fr\/le-domaine-en-ete\/#breadcrumb\"},\"inLanguage\":\"fr-FR\",\"potentialAction\":[{\"@type\":\"ReadAction\",\"target\":[\"https:\/\/stationsnicecotedazur.nbrun.miam.dev\/fr\/le-domaine-en-ete\/\"]}]},{\"@type\":\"ImageObject\",\"inLanguage\":\"fr-FR\",\"@id\":\"https:\/\/stationsnicecotedazur.nbrun.miam.dev\/fr\/le-domaine-en-ete\/#primaryimage\",\"url\":\"https:\/\/stationsnicecotedazur.nbrun.miam.dev\/wp-content\/uploads\/2016\/11\/Lac-de-Vens-12.jpg\",\"contentUrl\":\"https:\/\/stationsnicecotedazur.nbrun.miam.dev\/wp-content\/uploads\/2016\/11\/Lac-de-Vens-12.jpg\"},{\"@type\":\"BreadcrumbList\",\"@id\":\"https:\/\/stationsnicecotedazur.nbrun.miam.dev\/fr\/le-domaine-en-ete\/#breadcrumb\",\"itemListElement\":[{\"@type\":\"ListItem\",\"position\":1,\"name\":\"Accueil\",\"item\":\"https:\/\/stationsnicecotedazur.nbrun.miam.dev\/fr\/\"},{\"@type\":\"ListItem\",\"position\":2,\"name\":\"Le domaine en \u00e9t\u00e9\"}]},{\"@type\":\"WebSite\",\"@id\":\"https:\/\/stationsnicecotedazur.nbrun.miam.dev\/fr\/#website\",\"url\":\"https:\/\/stationsnicecotedazur.nbrun.miam.dev\/fr\/\",\"name\":\"Stations Nice C\u00f4te d&#039;Azur\",\"description\":\"...\",\"publisher\":{\"@id\":\"https:\/\/stationsnicecotedazur.nbrun.miam.dev\/fr\/#organization\"},\"inLanguage\":\"fr-FR\"},{\"@type\":\"Organization\",\"@id\":\"https:\/\/stationsnicecotedazur.nbrun.miam.dev\/fr\/#organization\",\"name\":\"Stations Nice C\u00f4te d&#039;Azur\",\"url\":\"https:\/\/stationsnicecotedazur.nbrun.miam.dev\/fr\/\",\"logo\":{\"@type\":\"ImageObject\",\"inLanguage\":\"fr-FR\",\"@id\":\"https:\/\/stationsnicecotedazur.nbrun.miam.dev\/fr\/#\/schema\/logo\/image\/\",\"url\":\"https:\/\/stationsnicecotedazur.nbrun.miam.dev\/wp-content\/uploads\/2024\/11\/SNCA_LOGO_2024.png\",\"contentUrl\":\"https:\/\/stationsnicecotedazur.nbrun.miam.dev\/wp-content\/uploads\/2024\/11\/SNCA_LOGO_2024.png\",\"width\":192,\"height\":129,\"caption\":\"Stations Nice C\u00f4te d&#039;Azur\"},\"image\":{\"@id\":\"https:\/\/stationsnicecotedazur.nbrun.miam.dev\/fr\/#\/schema\/logo\/image\/\"}}]}<\/script>\n<!-- \/ Yoast SEO plugin. -->","yoast_head_json":{"title":"Station de Ski \u00e0 Nice 06, Snowpark Alpes du Sud - Stations du Mercantour","description":"D\u00e9couvrez les 3 stations de Ski des Alpes Maritimes \u00e0 1H30 de Nice : Auron, Isola 2000 et Saint Dalmas le Selvage pour profitez des pistes de ski en saison.","robots":{"index":"index","follow":"follow","max-snippet":"max-snippet:-1","max-image-preview":"max-image-preview:large","max-video-preview":"max-video-preview:-1"},"canonical":"https:\/\/stationsnicecotedazur.nbrun.miam.dev\/fr\/le-domaine-en-ete\/","og_locale":"fr_FR","og_type":"article","og_title":"Station de Ski \u00e0 Nice 06, Snowpark Alpes du Sud - Stations du Mercantour","og_description":"D\u00e9couvrez les 3 stations de Ski des Alpes Maritimes \u00e0 1H30 de Nice : Auron, Isola 2000 et Saint Dalmas le Selvage pour profitez des pistes de ski en saison.","og_url":"https:\/\/stationsnicecotedazur.nbrun.miam.dev\/fr\/le-domaine-en-ete\/","og_site_name":"Stations Nice C\u00f4te d&#039;Azur","article_modified_time":"2024-12-06T08:51:51+00:00","og_image":[{"url":"https:\/\/stationsnicecotedazur.nbrun.miam.dev\/wp-content\/uploads\/2016\/11\/Lac-de-Vens-12.jpg","type":"","width":"","height":""}],"twitter_card":"summary_large_image","twitter_misc":{"Dur\u00e9e de lecture estim\u00e9e":"2 minutes"},"schema":{"@context":"https:\/\/schema.org","@graph":[{"@type":"WebPage","@id":"https:\/\/stationsnicecotedazur.nbrun.miam.dev\/fr\/le-domaine-en-ete\/","url":"https:\/\/stationsnicecotedazur.nbrun.miam.dev\/fr\/le-domaine-en-ete\/","name":"Station de Ski \u00e0 Nice 06, Snowpark Alpes du Sud - Stations du Mercantour","isPartOf":{"@id":"https:\/\/stationsnicecotedazur.nbrun.miam.dev\/fr\/#website"},"primaryImageOfPage":{"@id":"https:\/\/stationsnicecotedazur.nbrun.miam.dev\/fr\/le-domaine-en-ete\/#primaryimage"},"image":{"@id":"https:\/\/stationsnicecotedazur.nbrun.miam.dev\/fr\/le-domaine-en-ete\/#primaryimage"},"thumbnailUrl":"https:\/\/stationsnicecotedazur.nbrun.miam.dev\/wp-content\/uploads\/2016\/11\/Lac-de-Vens-12.jpg","datePublished":"2016-11-22T13:35:40+00:00","dateModified":"2024-12-06T08:51:51+00:00","description":"D\u00e9couvrez les 3 stations de Ski des Alpes Maritimes \u00e0 1H30 de Nice : Auron, Isola 2000 et Saint Dalmas le Selvage pour profitez des pistes de ski en saison.","breadcrumb":{"@id":"https:\/\/stationsnicecotedazur.nbrun.miam.dev\/fr\/le-domaine-en-ete\/#breadcrumb"},"inLanguage":"fr-FR","potentialAction":[{"@type":"ReadAction","target":["https:\/\/stationsnicecotedazur.nbrun.miam.dev\/fr\/le-domaine-en-ete\/"]}]},{"@type":"ImageObject","inLanguage":"fr-FR","@id":"https:\/\/stationsnicecotedazur.nbrun.miam.dev\/fr\/le-domaine-en-ete\/#primaryimage","url":"https:\/\/stationsnicecotedazur.nbrun.miam.dev\/wp-content\/uploads\/2016\/11\/Lac-de-Vens-12.jpg","contentUrl":"https:\/\/stationsnicecotedazur.nbrun.miam.dev\/wp-content\/uploads\/2016\/11\/Lac-de-Vens-12.jpg"},{"@type":"BreadcrumbList","@id":"https:\/\/stationsnicecotedazur.nbrun.miam.dev\/fr\/le-domaine-en-ete\/#breadcrumb","itemListElement":[{"@type":"ListItem","position":1,"name":"Accueil","item":"https:\/\/stationsnicecotedazur.nbrun.miam.dev\/fr\/"},{"@type":"ListItem","position":2,"name":"Le domaine en \u00e9t\u00e9"}]},{"@type":"WebSite","@id":"https:\/\/stationsnicecotedazur.nbrun.miam.dev\/fr\/#website","url":"https:\/\/stationsnicecotedazur.nbrun.miam.dev\/fr\/","name":"Stations Nice C\u00f4te d&#039;Azur","description":"...","publisher":{"@id":"https:\/\/stationsnicecotedazur.nbrun.miam.dev\/fr\/#organization"},"inLanguage":"fr-FR"},{"@type":"Organization","@id":"https:\/\/stationsnicecotedazur.nbrun.miam.dev\/fr\/#organization","name":"Stations Nice C\u00f4te d&#039;Azur","url":"https:\/\/stationsnicecotedazur.nbrun.miam.dev\/fr\/","logo":{"@type":"ImageObject","inLanguage":"fr-FR","@id":"https:\/\/stationsnicecotedazur.nbrun.miam.dev\/fr\/#\/schema\/logo\/image\/","url":"https:\/\/stationsnicecotedazur.nbrun.miam.dev\/wp-content\/uploads\/2024\/11\/SNCA_LOGO_2024.png","contentUrl":"https:\/\/stationsnicecotedazur.nbrun.miam.dev\/wp-content\/uploads\/2024\/11\/SNCA_LOGO_2024.png","width":192,"height":129,"caption":"Stations Nice C\u00f4te d&#039;Azur"},"image":{"@id":"https:\/\/stationsnicecotedazur.nbrun.miam.dev\/fr\/#\/schema\/logo\/image\/"}}]}},"_links":{"self":[{"href":"https:\/\/stationsnicecotedazur.nbrun.miam.dev\/fr\/wp-json\/wp\/v2\/pages\/1726","targetHints":{"allow":["GET"]}}],"collection":[{"href":"https:\/\/stationsnicecotedazur.nbrun.miam.dev\/fr\/wp-json\/wp\/v2\/pages"}],"about":[{"href":"https:\/\/stationsnicecotedazur.nbrun.miam.dev\/fr\/wp-json\/wp\/v2\/types\/page"}],"author":[{"embeddable":true,"href":"https:\/\/stationsnicecotedazur.nbrun.miam.dev\/fr\/wp-json\/wp\/v2\/users\/1"}],"replies":[{"embeddable":true,"href":"https:\/\/stationsnicecotedazur.nbrun.miam.dev\/fr\/wp-json\/wp\/v2\/comments?post=1726"}],"version-history":[{"count":8,"href":"https:\/\/stationsnicecotedazur.nbrun.miam.dev\/fr\/wp-json\/wp\/v2\/pages\/1726\/revisions"}],"predecessor-version":[{"id":5426,"href":"https:\/\/stationsnicecotedazur.nbrun.miam.dev\/fr\/wp-json\/wp\/v2\/pages\/1726\/revisions\/5426"}],"wp:attachment":[{"href":"https:\/\/stationsnicecotedazur.nbrun.miam.dev\/fr\/wp-json\/wp\/v2\/media?parent=1726"}],"curies":[{"name":"wp","href":"https:\/\/api.w.org\/{rel}","templated":true}]}}