 {"id":1727,"date":"2016-11-22T14:35:40","date_gmt":"2016-11-22T13:35:40","guid":{"rendered":"https:\/\/stationsnicecotedazur.nbrun.miam.dev\/?page_id=1727"},"modified":"2024-12-06T13:20:55","modified_gmt":"2024-12-06T12:20:55","slug":"the-region-in-summer","status":"publish","type":"page","link":"https:\/\/stationsnicecotedazur.nbrun.miam.dev\/en\/the-region-in-summer\/","title":{"rendered":"The region in summer"},"content":{"rendered":"\t\t<div data-elementor-type=\"wp-page\" data-elementor-id=\"1727\" class=\"elementor elementor-1727 elementor-1726 elementor-bc-flex-widget\" data-elementor-post-type=\"page\">\n\t\t\t\t\t\t<section class=\"elementor-section elementor-top-section elementor-element elementor-element-biedfjk elementor-section-full_width elementor-section-height-default elementor-section-height-default\" data-id=\"biedfjk\" data-element_type=\"section\">\n\t\t\t\t\t\t<div class=\"elementor-container elementor-column-gap-default\">\n\t\t\t\t\t<div class=\"elementor-column elementor-col-100 elementor-top-column elementor-element elementor-element-fbgqyhr\" data-id=\"fbgqyhr\" data-element_type=\"column\">\n\t\t\t<div class=\"elementor-widget-wrap elementor-element-populated\">\n\t\t\t\t\t\t<section class=\"elementor-section elementor-inner-section elementor-element elementor-element-vyamxbx elementor-section-full_width banniere-station elementor-section-height-default elementor-section-height-default\" data-id=\"vyamxbx\" data-element_type=\"section\">\n\t\t\t\t\t\t<div class=\"elementor-container elementor-column-gap-default\">\n\t\t\t\t\t<div class=\"elementor-column elementor-col-100 elementor-inner-column elementor-element elementor-element-sbismkf\" data-id=\"sbismkf\" data-element_type=\"column\">\n\t\t\t<div class=\"elementor-widget-wrap elementor-element-populated\">\n\t\t\t\t\t\t<div class=\"elementor-element elementor-element-zwidqbt elementor-widget elementor-widget-text-editor\" data-id=\"zwidqbt\" data-element_type=\"widget\" data-widget_type=\"text-editor.default\">\n\t\t\t\t<div class=\"elementor-widget-container\">\n\t\t\t<div class=\"echo-debug\" style=\"display:none\">array(1) {\n  [0]=>\n  object(stdClass)#5076 (3) {\n    [\"id\"]=>\n    string(3) \"228\"\n    [\"fields\"]=>\n    object(stdClass)#6062 (2) {\n      [\"title\"]=>\n      string(52) \"banniere \/ Le domaine \/ domaine \/ hiver \/ Le domaine\"\n      [\"caption\"]=>\n      string(0) \"\"\n    }\n    [\"post_id\"]=>\n    int(1727)\n  }\n}\n<\/div>\t\t\t\t<div id=\"banniere-banniere\" class=\"banniere2\" style=\"background-image:url('https:\/\/stationsnicecotedazur.nbrun.miam.dev\/wp-content\/uploads\/2016\/11\/banniere-le-domaine.jpg');\"><h1>le domaine<\/h1><div class=\"pattern-triangle pattern-line\"><\/div><\/div>\t\t\t\t\t\t<\/div>\n\t\t\t\t<\/div>\n\t\t\t\t\t<\/div>\n\t\t<\/div>\n\t\t\t\t\t<\/div>\n\t\t<\/section>\n\t\t\t\t<div class=\"elementor-element elementor-element-jxkwmcj elementor-widget elementor-widget-spacer\" data-id=\"jxkwmcj\" data-element_type=\"widget\" data-widget_type=\"spacer.default\">\n\t\t\t\t<div class=\"elementor-widget-container\">\n\t\t\t\t\t<div class=\"elementor-spacer\">\n\t\t\t<div class=\"elementor-spacer-inner\"><\/div>\n\t\t<\/div>\n\t\t\t\t<\/div>\n\t\t\t\t<\/div>\n\t\t\t\t<section class=\"elementor-section elementor-inner-section elementor-element elementor-element-zkadykc elementor-section-full_width elementor-section-height-default elementor-section-height-default\" data-id=\"zkadykc\" data-element_type=\"section\">\n\t\t\t\t\t\t<div class=\"elementor-container elementor-column-gap-default\">\n\t\t\t\t\t<div class=\"elementor-column elementor-col-100 elementor-inner-column elementor-element elementor-element-juuates textcenter\" data-id=\"juuates\" data-element_type=\"column\">\n\t\t\t<div class=\"elementor-widget-wrap elementor-element-populated\">\n\t\t\t\t\t\t<div class=\"elementor-element elementor-element-qwefdmy titre titre-simple elementor-widget elementor-widget-heading\" data-id=\"qwefdmy\" data-element_type=\"widget\" data-widget_type=\"heading.default\">\n\t\t\t\t<div class=\"elementor-widget-container\">\n\t\t\t<h2 class=\"elementor-heading-title elementor-size-default\">This summer go for a breath of fresh air at a Nice Altitude!<\/h2>\t\t<\/div>\n\t\t\t\t<\/div>\n\t\t\t\t<div class=\"elementor-element elementor-element-uyecbui inlineblock elementor-widget elementor-widget-heading\" data-id=\"uyecbui\" data-element_type=\"widget\" data-widget_type=\"heading.default\">\n\t\t\t\t<div class=\"elementor-widget-container\">\n\t\t\t<h2 class=\"elementor-heading-title elementor-size-default\">The Joint Association of Mercantour\u2019s resorts<\/h2>\t\t<\/div>\n\t\t\t\t<\/div>\n\t\t\t\t<div class=\"elementor-element elementor-element-umqhmyk elementor-widget elementor-widget-image\" data-id=\"umqhmyk\" data-element_type=\"widget\" data-widget_type=\"image.default\">\n\t\t\t\t<div class=\"elementor-widget-container\">\n\t\t\t\t\t\t\t\t\t\t\t\t\t<img decoding=\"async\" src=\"https:\/\/stationsnicecotedazur.nbrun.miam.dev\/wp-content\/uploads\/elementor\/thumbs\/Lac-de-Vens-12-qy0t1q1t7qbnyle912qmzkstbiz1h1bfg5xq5tnnxy.jpg\" title=\"Lac de Vens -12\" alt=\"Lac de Vens -12\" loading=\"lazy\" \/>\t\t\t\t\t\t\t\t\t\t\t\t\t<\/div>\n\t\t\t\t<\/div>\n\t\t\t\t\t<\/div>\n\t\t<\/div>\n\t\t\t\t\t<\/div>\n\t\t<\/section>\n\t\t\t\t<div class=\"elementor-element elementor-element-yzzuuje elementor-widget elementor-widget-spacer\" data-id=\"yzzuuje\" data-element_type=\"widget\" data-widget_type=\"spacer.default\">\n\t\t\t\t<div class=\"elementor-widget-container\">\n\t\t\t\t\t<div class=\"elementor-spacer\">\n\t\t\t<div class=\"elementor-spacer-inner\"><\/div>\n\t\t<\/div>\n\t\t\t\t<\/div>\n\t\t\t\t<\/div>\n\t\t\t\t<section class=\"elementor-section elementor-inner-section elementor-element elementor-element-gljxnlo elementor-section-boxed elementor-section-height-default elementor-section-height-default\" data-id=\"gljxnlo\" data-element_type=\"section\">\n\t\t\t\t\t\t<div class=\"elementor-container elementor-column-gap-default\">\n\t\t\t\t\t<div class=\"elementor-column elementor-col-66 elementor-inner-column elementor-element elementor-element-quavunq\" data-id=\"quavunq\" data-element_type=\"column\">\n\t\t\t<div class=\"elementor-widget-wrap elementor-element-populated\">\n\t\t\t\t\t\t<div class=\"elementor-element elementor-element-wndqeml titre titre-simple titre-petit elementor-widget elementor-widget-heading\" data-id=\"wndqeml\" data-element_type=\"widget\" data-widget_type=\"heading.default\">\n\t\t\t\t<div class=\"elementor-widget-container\">\n\t\t\t<h2 class=\"elementor-heading-title elementor-size-default\">Three top resorts! <\/h2>\t\t<\/div>\n\t\t\t\t<\/div>\n\t\t\t\t<div class=\"elementor-element elementor-element-bcmljwr elementor-widget elementor-widget-text-editor\" data-id=\"bcmljwr\" data-element_type=\"widget\" data-widget_type=\"text-editor.default\">\n\t\t\t\t<div class=\"elementor-widget-container\">\n\t\t\t\t\t\t\t<p>Since 2003, the resorts of Auron, Isola 2000 and Saint-Dalmas-le-Selvage have joined forces to create a Union of Mercantour Resorts. Its President, Christian Estrosi, is pursuing an ambitious policy to develop and modernise the facilities and sites, while preserving the historical and authentic heritage of these three resorts.<\/p>\t\t\t\t\t\t<\/div>\n\t\t\t\t<\/div>\n\t\t\t\t<div class=\"elementor-element elementor-element-yqsnabh titre titre-simple titre-petit elementor-widget elementor-widget-heading\" data-id=\"yqsnabh\" data-element_type=\"widget\" data-widget_type=\"heading.default\">\n\t\t\t\t<div class=\"elementor-widget-container\">\n\t\t\t<h2 class=\"elementor-heading-title elementor-size-default\">Exceptional natural heritage at the gateway to the Parc du Mercantour <\/h2>\t\t<\/div>\n\t\t\t\t<\/div>\n\t\t\t\t<div class=\"elementor-element elementor-element-irspgew elementor-widget elementor-widget-text-editor\" data-id=\"irspgew\" data-element_type=\"widget\" data-widget_type=\"text-editor.default\">\n\t\t\t\t<div class=\"elementor-widget-container\">\n\t\t\t\t\t\t\t<p>The resorts are located at the foot of one of France&#8217;s ten national parks, the Parc du Mercantour. With its well-defined six valleys, its 3,000 m plus peaks and its many lakes, the park is also one of the wildest and richest natural areas for its biodiversity.<\/p>\t\t\t\t\t\t<\/div>\n\t\t\t\t<\/div>\n\t\t\t\t<div class=\"elementor-element elementor-element-yoxzkqf titre titre-simple titre-petit elementor-widget elementor-widget-heading\" data-id=\"yoxzkqf\" data-element_type=\"widget\" data-widget_type=\"heading.default\">\n\t\t\t\t<div class=\"elementor-widget-container\">\n\t\t\t<h2 class=\"elementor-heading-title elementor-size-default\">Air, land, sea ... the Nice C\u00f4te d'Azur resorts have everything you could want <\/h2>\t\t<\/div>\n\t\t\t\t<\/div>\n\t\t\t\t<div class=\"elementor-element elementor-element-kdvuqvp elementor-widget elementor-widget-text-editor\" data-id=\"kdvuqvp\" data-element_type=\"widget\" data-widget_type=\"text-editor.default\">\n\t\t\t\t<div class=\"elementor-widget-container\">\n\t\t\t\t\t\t\t<div class=\"elementor-element elementor-element-kdvuqvp elementor-widget elementor-widget-text-editor\" data-id=\"kdvuqvp\" data-element_type=\"text-editor.default\"><div class=\"elementor-widget-container\"><div class=\"elementor-text-editor elementor-clearfix\"><p>No need to choose between sea and mountain for summer holidays, here you can have it all. Just one and a half hours from the Promenade des Anglais and the Mediterranean, you will find that Auron, Isola 2000 and Saint Dalmas le Selvage offer you all manner of mountain activities. Beach or hiking, sailing or mountain bike trails, you choose your activity of the day.<\/p><p>Sea and mountain combine to offer you a wider range of activities this summer. Land at Nice airport and enjoy a breath of fresh mountain air and enjoy the diversity and charm of the Nice C\u00f4te d&#8217;Azur Metropolis.<\/p><p>Looking for sport? Lots of summer activities for you!<br \/> Feeling lazy? Take a nap among the flora!<br \/> Come visit the Nice C\u00f4te d&#8217;Azur resorts.<\/p><\/div><\/div><\/div>\t\t\t\t\t\t<\/div>\n\t\t\t\t<\/div>\n\t\t\t\t\t<\/div>\n\t\t<\/div>\n\t\t\t\t<div class=\"elementor-column elementor-col-33 elementor-inner-column elementor-element elementor-element-cfdtino\" data-id=\"cfdtino\" data-element_type=\"column\">\n\t\t\t<div class=\"elementor-widget-wrap elementor-element-populated\">\n\t\t\t\t\t\t<div class=\"elementor-element elementor-element-dfiyivj titre titre-contact elementor-widget elementor-widget-heading\" data-id=\"dfiyivj\" data-element_type=\"widget\" data-widget_type=\"heading.default\">\n\t\t\t\t<div class=\"elementor-widget-container\">\n\t\t\t<h2 class=\"elementor-heading-title elementor-size-default\">Useful contacts<\/h2>\t\t<\/div>\n\t\t\t\t<\/div>\n\t\t\t\t<div class=\"elementor-element elementor-element-wsyuxcs block-contact elementor-widget elementor-widget-text-editor\" data-id=\"wsyuxcs\" data-element_type=\"widget\" data-widget_type=\"text-editor.default\">\n\t\t\t\t<div class=\"elementor-widget-container\">\n\t\t\t\t\t\t\t<p><a class=\"link\" href=\"mailto:contact@stationsnicecotedazur.com\">contact@stationsnicecotedazur.com<\/a><\/p>\t\t\t\t\t\t<\/div>\n\t\t\t\t<\/div>\n\t\t\t\t\t<\/div>\n\t\t<\/div>\n\t\t\t\t\t<\/div>\n\t\t<\/section>\n\t\t\t\t<section class=\"elementor-section elementor-inner-section elementor-element elementor-element-tzyaukz elementor-section-boxed elementor-section-height-default elementor-section-height-default\" data-id=\"tzyaukz\" data-element_type=\"section\" data-settings=\"{&quot;background_background&quot;:&quot;classic&quot;}\">\n\t\t\t\t\t\t<div class=\"elementor-container elementor-column-gap-default\">\n\t\t\t\t\t<div class=\"elementor-column elementor-col-100 elementor-inner-column elementor-element elementor-element-qtxllec\" data-id=\"qtxllec\" data-element_type=\"column\">\n\t\t\t<div class=\"elementor-widget-wrap elementor-element-populated\">\n\t\t\t\t\t\t<div class=\"elementor-element elementor-element-pxjwtgv titre titre-simple titre-moyen elementor-widget elementor-widget-heading\" data-id=\"pxjwtgv\" data-element_type=\"widget\" data-widget_type=\"heading.default\">\n\t\t\t\t<div class=\"elementor-widget-container\">\n\t\t\t<h2 class=\"elementor-heading-title elementor-size-default\">The Mercantour area has:<\/h2>\t\t<\/div>\n\t\t\t\t<\/div>\n\t\t\t\t<div class=\"elementor-element elementor-element-sjjcolu elementor-widget elementor-widget-text-editor\" data-id=\"sjjcolu\" data-element_type=\"widget\" data-widget_type=\"text-editor.default\">\n\t\t\t\t<div class=\"elementor-widget-container\">\n\t\t\t\t\t\t\t<div class=\"line chiffres\"><div class=\"demiblock w33p\"><i class=\"mrc mrc-piste\"><\/i><strong>550 KM<\/strong> of marked trails<\/div><div class=\"demiblock w33p\"><strong>14<\/strong> Natura 2000 protected areas<\/div><div class=\"demiblock w33p\"><strong>24<\/strong> mountain bike trails<\/div><\/div>\t\t\t\t\t\t<\/div>\n\t\t\t\t<\/div>\n\t\t\t\t\t<\/div>\n\t\t<\/div>\n\t\t\t\t\t<\/div>\n\t\t<\/section>\n\t\t\t\t<div class=\"elementor-element elementor-element-tgxadlb elementor-widget elementor-widget-spacer\" data-id=\"tgxadlb\" data-element_type=\"widget\" data-widget_type=\"spacer.default\">\n\t\t\t\t<div class=\"elementor-widget-container\">\n\t\t\t\t\t<div class=\"elementor-spacer\">\n\t\t\t<div class=\"elementor-spacer-inner\"><\/div>\n\t\t<\/div>\n\t\t\t\t<\/div>\n\t\t\t\t<\/div>\n\t\t\t\t\t<\/div>\n\t\t<\/div>\n\t\t\t\t\t<\/div>\n\t\t<\/section>\n\t\t\t\t<\/div>\n\t\t","protected":false},"excerpt":{"rendered":"<p>This summer go for a breath of fresh air at a Nice Altitude! The Joint Association of Mercantour\u2019s resorts Three top resorts! Since 2003, the resorts of Auron, Isola 2000 and Saint-Dalmas-le-Selvage have joined forces to create a Union of Mercantour Resorts. Its President, Christian Estrosi, is pursuing an ambitious policy to develop and modernise &hellip; <a href=\"https:\/\/stationsnicecotedazur.nbrun.miam.dev\/en\/the-region-in-summer\/\" class=\"more-link\">Continue reading<span class=\"screen-reader-text\"> &#8220;The region in summer&#8221;<\/span><\/a><\/p>\n","protected":false},"author":1,"featured_media":0,"parent":0,"menu_order":0,"comment_status":"closed","ping_status":"closed","template":"","meta":{"footnotes":""},"class_list":["post-1727","page","type-page","status-publish","hentry"],"yoast_head":"<!-- This site is optimized with the Yoast SEO plugin v24.0 - https:\/\/yoast.com\/wordpress\/plugins\/seo\/ -->\n<title>Station de Ski \u00e0 Nice 06, Snowpark Alpes du Sud - Stations du Mercantour<\/title>\n<meta name=\"description\" content=\"D\u00e9couvrez les 3 stations de Ski des Alpes Maritimes \u00e0 1H30 de Nice : Auron, Isola 2000 et Saint Dalmas le Selvage pour profitez des pistes de ski en saison.\" \/>\n<meta name=\"robots\" content=\"index, follow, max-snippet:-1, max-image-preview:large, max-video-preview:-1\" \/>\n<link rel=\"canonical\" href=\"https:\/\/stationsnicecotedazur.nbrun.miam.dev\/en\/the-region-in-summer\/\" \/>\n<meta property=\"og:locale\" content=\"en_US\" \/>\n<meta property=\"og:type\" content=\"article\" \/>\n<meta property=\"og:title\" content=\"Station de Ski \u00e0 Nice 06, Snowpark Alpes du Sud - Stations du Mercantour\" \/>\n<meta property=\"og:description\" content=\"D\u00e9couvrez les 3 stations de Ski des Alpes Maritimes \u00e0 1H30 de Nice : Auron, Isola 2000 et Saint Dalmas le Selvage pour profitez des pistes de ski en saison.\" \/>\n<meta property=\"og:url\" content=\"https:\/\/stationsnicecotedazur.nbrun.miam.dev\/en\/the-region-in-summer\/\" \/>\n<meta property=\"og:site_name\" content=\"Stations Nice C\u00f4te d&#039;Azur\" \/>\n<meta property=\"article:modified_time\" content=\"2024-12-06T12:20:55+00:00\" \/>\n<meta property=\"og:image\" content=\"https:\/\/stationsnicecotedazur.nbrun.miam.dev\/wp-content\/uploads\/2016\/11\/Lac-de-Vens-12.jpg\" \/>\n<meta name=\"twitter:card\" content=\"summary_large_image\" \/>\n<meta name=\"twitter:label1\" content=\"Est. reading time\" \/>\n\t<meta name=\"twitter:data1\" content=\"1 minute\" \/>\n<script type=\"application\/ld+json\" class=\"yoast-schema-graph\">{\"@context\":\"https:\/\/schema.org\",\"@graph\":[{\"@type\":\"WebPage\",\"@id\":\"https:\/\/stationsnicecotedazur.nbrun.miam.dev\/en\/the-region-in-summer\/\",\"url\":\"https:\/\/stationsnicecotedazur.nbrun.miam.dev\/en\/the-region-in-summer\/\",\"name\":\"Station de Ski \u00e0 Nice 06, Snowpark Alpes du Sud - Stations du Mercantour\",\"isPartOf\":{\"@id\":\"https:\/\/stationsnicecotedazur.nbrun.miam.dev\/fr\/#website\"},\"primaryImageOfPage\":{\"@id\":\"https:\/\/stationsnicecotedazur.nbrun.miam.dev\/en\/the-region-in-summer\/#primaryimage\"},\"image\":{\"@id\":\"https:\/\/stationsnicecotedazur.nbrun.miam.dev\/en\/the-region-in-summer\/#primaryimage\"},\"thumbnailUrl\":\"https:\/\/stationsnicecotedazur.nbrun.miam.dev\/wp-content\/uploads\/2016\/11\/Lac-de-Vens-12.jpg\",\"datePublished\":\"2016-11-22T13:35:40+00:00\",\"dateModified\":\"2024-12-06T12:20:55+00:00\",\"description\":\"D\u00e9couvrez les 3 stations de Ski des Alpes Maritimes \u00e0 1H30 de Nice : Auron, Isola 2000 et Saint Dalmas le Selvage pour profitez des pistes de ski en saison.\",\"breadcrumb\":{\"@id\":\"https:\/\/stationsnicecotedazur.nbrun.miam.dev\/en\/the-region-in-summer\/#breadcrumb\"},\"inLanguage\":\"en-US\",\"potentialAction\":[{\"@type\":\"ReadAction\",\"target\":[\"https:\/\/stationsnicecotedazur.nbrun.miam.dev\/en\/the-region-in-summer\/\"]}]},{\"@type\":\"ImageObject\",\"inLanguage\":\"en-US\",\"@id\":\"https:\/\/stationsnicecotedazur.nbrun.miam.dev\/en\/the-region-in-summer\/#primaryimage\",\"url\":\"https:\/\/stationsnicecotedazur.nbrun.miam.dev\/wp-content\/uploads\/2016\/11\/Lac-de-Vens-12.jpg\",\"contentUrl\":\"https:\/\/stationsnicecotedazur.nbrun.miam.dev\/wp-content\/uploads\/2016\/11\/Lac-de-Vens-12.jpg\"},{\"@type\":\"BreadcrumbList\",\"@id\":\"https:\/\/stationsnicecotedazur.nbrun.miam.dev\/en\/the-region-in-summer\/#breadcrumb\",\"itemListElement\":[{\"@type\":\"ListItem\",\"position\":1,\"name\":\"Accueil\",\"item\":\"https:\/\/stationsnicecotedazur.nbrun.miam.dev\/fr\/\"},{\"@type\":\"ListItem\",\"position\":2,\"name\":\"The region in summer\"}]},{\"@type\":\"WebSite\",\"@id\":\"https:\/\/stationsnicecotedazur.nbrun.miam.dev\/fr\/#website\",\"url\":\"https:\/\/stationsnicecotedazur.nbrun.miam.dev\/fr\/\",\"name\":\"Stations Nice C\u00f4te d&#039;Azur\",\"description\":\"Un site utilisant WordPress\",\"publisher\":{\"@id\":\"https:\/\/stationsnicecotedazur.nbrun.miam.dev\/fr\/#organization\"},\"inLanguage\":\"en-US\"},{\"@type\":\"Organization\",\"@id\":\"https:\/\/stationsnicecotedazur.nbrun.miam.dev\/fr\/#organization\",\"name\":\"Stations Nice C\u00f4te d&#039;Azur\",\"url\":\"https:\/\/stationsnicecotedazur.nbrun.miam.dev\/fr\/\",\"logo\":{\"@type\":\"ImageObject\",\"inLanguage\":\"en-US\",\"@id\":\"https:\/\/stationsnicecotedazur.nbrun.miam.dev\/fr\/#\/schema\/logo\/image\/\",\"url\":\"https:\/\/stationsnicecotedazur.nbrun.miam.dev\/wp-content\/uploads\/2024\/11\/SNCA_LOGO_2024.png\",\"contentUrl\":\"https:\/\/stationsnicecotedazur.nbrun.miam.dev\/wp-content\/uploads\/2024\/11\/SNCA_LOGO_2024.png\",\"width\":192,\"height\":129,\"caption\":\"Stations Nice C\u00f4te d&#039;Azur\"},\"image\":{\"@id\":\"https:\/\/stationsnicecotedazur.nbrun.miam.dev\/fr\/#\/schema\/logo\/image\/\"}}]}<\/script>\n<!-- \/ Yoast SEO plugin. -->","yoast_head_json":{"title":"Station de Ski \u00e0 Nice 06, Snowpark Alpes du Sud - Stations du Mercantour","description":"D\u00e9couvrez les 3 stations de Ski des Alpes Maritimes \u00e0 1H30 de Nice : Auron, Isola 2000 et Saint Dalmas le Selvage pour profitez des pistes de ski en saison.","robots":{"index":"index","follow":"follow","max-snippet":"max-snippet:-1","max-image-preview":"max-image-preview:large","max-video-preview":"max-video-preview:-1"},"canonical":"https:\/\/stationsnicecotedazur.nbrun.miam.dev\/en\/the-region-in-summer\/","og_locale":"en_US","og_type":"article","og_title":"Station de Ski \u00e0 Nice 06, Snowpark Alpes du Sud - Stations du Mercantour","og_description":"D\u00e9couvrez les 3 stations de Ski des Alpes Maritimes \u00e0 1H30 de Nice : Auron, Isola 2000 et Saint Dalmas le Selvage pour profitez des pistes de ski en saison.","og_url":"https:\/\/stationsnicecotedazur.nbrun.miam.dev\/en\/the-region-in-summer\/","og_site_name":"Stations Nice C\u00f4te d&#039;Azur","article_modified_time":"2024-12-06T12:20:55+00:00","og_image":[{"url":"https:\/\/stationsnicecotedazur.nbrun.miam.dev\/wp-content\/uploads\/2016\/11\/Lac-de-Vens-12.jpg","type":"","width":"","height":""}],"twitter_card":"summary_large_image","twitter_misc":{"Est. reading time":"1 minute"},"schema":{"@context":"https:\/\/schema.org","@graph":[{"@type":"WebPage","@id":"https:\/\/stationsnicecotedazur.nbrun.miam.dev\/en\/the-region-in-summer\/","url":"https:\/\/stationsnicecotedazur.nbrun.miam.dev\/en\/the-region-in-summer\/","name":"Station de Ski \u00e0 Nice 06, Snowpark Alpes du Sud - Stations du Mercantour","isPartOf":{"@id":"https:\/\/stationsnicecotedazur.nbrun.miam.dev\/fr\/#website"},"primaryImageOfPage":{"@id":"https:\/\/stationsnicecotedazur.nbrun.miam.dev\/en\/the-region-in-summer\/#primaryimage"},"image":{"@id":"https:\/\/stationsnicecotedazur.nbrun.miam.dev\/en\/the-region-in-summer\/#primaryimage"},"thumbnailUrl":"https:\/\/stationsnicecotedazur.nbrun.miam.dev\/wp-content\/uploads\/2016\/11\/Lac-de-Vens-12.jpg","datePublished":"2016-11-22T13:35:40+00:00","dateModified":"2024-12-06T12:20:55+00:00","description":"D\u00e9couvrez les 3 stations de Ski des Alpes Maritimes \u00e0 1H30 de Nice : Auron, Isola 2000 et Saint Dalmas le Selvage pour profitez des pistes de ski en saison.","breadcrumb":{"@id":"https:\/\/stationsnicecotedazur.nbrun.miam.dev\/en\/the-region-in-summer\/#breadcrumb"},"inLanguage":"en-US","potentialAction":[{"@type":"ReadAction","target":["https:\/\/stationsnicecotedazur.nbrun.miam.dev\/en\/the-region-in-summer\/"]}]},{"@type":"ImageObject","inLanguage":"en-US","@id":"https:\/\/stationsnicecotedazur.nbrun.miam.dev\/en\/the-region-in-summer\/#primaryimage","url":"https:\/\/stationsnicecotedazur.nbrun.miam.dev\/wp-content\/uploads\/2016\/11\/Lac-de-Vens-12.jpg","contentUrl":"https:\/\/stationsnicecotedazur.nbrun.miam.dev\/wp-content\/uploads\/2016\/11\/Lac-de-Vens-12.jpg"},{"@type":"BreadcrumbList","@id":"https:\/\/stationsnicecotedazur.nbrun.miam.dev\/en\/the-region-in-summer\/#breadcrumb","itemListElement":[{"@type":"ListItem","position":1,"name":"Accueil","item":"https:\/\/stationsnicecotedazur.nbrun.miam.dev\/fr\/"},{"@type":"ListItem","position":2,"name":"The region in summer"}]},{"@type":"WebSite","@id":"https:\/\/stationsnicecotedazur.nbrun.miam.dev\/fr\/#website","url":"https:\/\/stationsnicecotedazur.nbrun.miam.dev\/fr\/","name":"Stations Nice C\u00f4te d&#039;Azur","description":"Un site utilisant WordPress","publisher":{"@id":"https:\/\/stationsnicecotedazur.nbrun.miam.dev\/fr\/#organization"},"inLanguage":"en-US"},{"@type":"Organization","@id":"https:\/\/stationsnicecotedazur.nbrun.miam.dev\/fr\/#organization","name":"Stations Nice C\u00f4te d&#039;Azur","url":"https:\/\/stationsnicecotedazur.nbrun.miam.dev\/fr\/","logo":{"@type":"ImageObject","inLanguage":"en-US","@id":"https:\/\/stationsnicecotedazur.nbrun.miam.dev\/fr\/#\/schema\/logo\/image\/","url":"https:\/\/stationsnicecotedazur.nbrun.miam.dev\/wp-content\/uploads\/2024\/11\/SNCA_LOGO_2024.png","contentUrl":"https:\/\/stationsnicecotedazur.nbrun.miam.dev\/wp-content\/uploads\/2024\/11\/SNCA_LOGO_2024.png","width":192,"height":129,"caption":"Stations Nice C\u00f4te d&#039;Azur"},"image":{"@id":"https:\/\/stationsnicecotedazur.nbrun.miam.dev\/fr\/#\/schema\/logo\/image\/"}}]}},"_links":{"self":[{"href":"https:\/\/stationsnicecotedazur.nbrun.miam.dev\/en\/wp-json\/wp\/v2\/pages\/1727","targetHints":{"allow":["GET"]}}],"collection":[{"href":"https:\/\/stationsnicecotedazur.nbrun.miam.dev\/en\/wp-json\/wp\/v2\/pages"}],"about":[{"href":"https:\/\/stationsnicecotedazur.nbrun.miam.dev\/en\/wp-json\/wp\/v2\/types\/page"}],"author":[{"embeddable":true,"href":"https:\/\/stationsnicecotedazur.nbrun.miam.dev\/en\/wp-json\/wp\/v2\/users\/1"}],"replies":[{"embeddable":true,"href":"https:\/\/stationsnicecotedazur.nbrun.miam.dev\/en\/wp-json\/wp\/v2\/comments?post=1727"}],"version-history":[{"count":4,"href":"https:\/\/stationsnicecotedazur.nbrun.miam.dev\/en\/wp-json\/wp\/v2\/pages\/1727\/revisions"}],"predecessor-version":[{"id":9668,"href":"https:\/\/stationsnicecotedazur.nbrun.miam.dev\/en\/wp-json\/wp\/v2\/pages\/1727\/revisions\/9668"}],"wp:attachment":[{"href":"https:\/\/stationsnicecotedazur.nbrun.miam.dev\/en\/wp-json\/wp\/v2\/media?parent=1727"}],"curies":[{"name":"wp","href":"https:\/\/api.w.org\/{rel}","templated":true}]}}